{"id":6323,"date":"2026-03-12T00:18:27","date_gmt":"2026-03-11T23:18:27","guid":{"rendered":"http:\/\/antiquariat-steinbach.com\/rarebooks\/produkt\/sammlung-von-5-prospekten-betriebsanleitung-etc\/"},"modified":"2026-03-12T00:18:28","modified_gmt":"2026-03-11T23:18:28","slug":"opel-automobile-sammlung-von-5-prospekten-betriebsanleitung-etc","status":"publish","type":"product","link":"https:\/\/antiquariat-steinbach.com\/rarebooks\/produkt\/opel-automobile-sammlung-von-5-prospekten-betriebsanleitung-etc\/","title":{"rendered":"Opel Automobile &#8211;   Sammlung von 5 Prospekten, Betriebsanleitung etc."},"content":{"rendered":"<p>R\u00fcsselsheim, Adam Opel AG, 1969.<\/p>\n<p>29 : 30 cm. Mit vielen, meist farbigen Abbildungen. Illustrierte Original-Umschl\u00e4ge.<\/p>\n<p>95,00 EUR<\/p>\n","protected":false},"excerpt":{"rendered":"<p>Vorhanden sind die folgenden Prospekte: Betriebsanleitung f\u00fcr Opel Kapit\u00e4n &#8211; Admiral Ausgabe 1969. 87 Seiten mit vielen Abbildungen &#8211; Hydra-Matic. Kein Kuppeln..Kein Schalten..Ein neues Fahrerlebnis in Kapit\u00e4n und Kapit\u00e4n &#8222;L&#8220; &#8211; Prospekt f\u00fcr Opel Diplomat, Admiral, Kapt\u00e4n &#8211; Prospekt f\u00fcr Diplomat. Form:europ\u00e4isch. Formel: Technik.Technik.  Mit einem Beiblatt Grundausstattung und technische Einzelheiten f\u00fcr Diplomat E und Diplomat V8 &#8211; Prospekt f\u00fcr Opel Kapit\u00e4n Kapit\u00e4n &#8222;L&#8220; von Opel-Kandl (dieser etwas knittrig und mit kleinen Einrissen). &#8211; Die anderen Prospekte gut.<\/p>\n","protected":false},"featured_media":15657,"template":"","meta":[],"product_brand":[],"product_cat":[200,74,77,914],"product_tag":[],"class_list":{"0":"post-6323","1":"product","2":"type-product","3":"status-publish","4":"has-post-thumbnail","6":"product_cat-automobil","7":"product_cat-deutschland","8":"product_cat-technik","9":"product_cat-zvab","11":"first","12":"instock","13":"purchasable","14":"product-type-simple"},"_links":{"self":[{"href":"https:\/\/antiquariat-steinbach.com\/rarebooks\/wp-json\/wp\/v2\/product\/6323","targetHints":{"allow":["GET"]}}],"collection":[{"href":"https:\/\/antiquariat-steinbach.com\/rarebooks\/wp-json\/wp\/v2\/product"}],"about":[{"href":"https:\/\/antiquariat-steinbach.com\/rarebooks\/wp-json\/wp\/v2\/types\/product"}],"version-history":[{"count":3,"href":"https:\/\/antiquariat-steinbach.com\/rarebooks\/wp-json\/wp\/v2\/product\/6323\/revisions"}],"predecessor-version":[{"id":21101,"href":"https:\/\/antiquariat-steinbach.com\/rarebooks\/wp-json\/wp\/v2\/product\/6323\/revisions\/21101"}],"wp:featuredmedia":[{"embeddable":true,"href":"https:\/\/antiquariat-steinbach.com\/rarebooks\/wp-json\/wp\/v2\/media\/15657"}],"wp:attachment":[{"href":"https:\/\/antiquariat-steinbach.com\/rarebooks\/wp-json\/wp\/v2\/media?parent=6323"}],"wp:term":[{"taxonomy":"product_brand","embeddable":true,"href":"https:\/\/antiquariat-steinbach.com\/rarebooks\/wp-json\/wp\/v2\/product_brand?post=6323"},{"taxonomy":"product_cat","embeddable":true,"href":"https:\/\/antiquariat-steinbach.com\/rarebooks\/wp-json\/wp\/v2\/product_cat?post=6323"},{"taxonomy":"product_tag","embeddable":true,"href":"https:\/\/antiquariat-steinbach.com\/rarebooks\/wp-json\/wp\/v2\/product_tag?post=6323"}],"curies":[{"name":"wp","href":"https:\/\/api.w.org\/{rel}","templated":true}]}}