{"id":629,"date":"2026-03-12T00:00:35","date_gmt":"2026-03-11T23:00:35","guid":{"rendered":"http:\/\/antiquariat-steinbach.com\/rarebooks\/produkt\/in-nacht-und-eis\/"},"modified":"2026-03-12T00:00:37","modified_gmt":"2026-03-11T23:00:37","slug":"arktis-nansen-firdtjof-in-nacht-und-eis","status":"publish","type":"product","link":"https:\/\/antiquariat-steinbach.com\/rarebooks\/produkt\/arktis-nansen-firdtjof-in-nacht-und-eis\/","title":{"rendered":"Arktis &#8211;   Nansen, Firdtjof: &#8211;  In Nacht und Eis."},"content":{"rendered":"<p>Leipzig, Brockhaus 1897.<\/p>\n<p>2 B\u00e4nde. 23,5 : 16,5 cm. X, 527 Seiten; VIII, 507 Seiten mit 207 Abbildungen, 8 farbigen chromolithographierten Tafeln und 4 mehrfach gefalteten Karten. Illustrierte Original-Leinenb\u00e4nde.<\/p>\n<p>120,00 EUR<\/p>\n","protected":false},"excerpt":{"rendered":"<p>Erste deutsche Ausgabe. &#8211; Nansens eigener Bericht \u00fcber eine der bemerkenswertesten Leistungen auf dem Gebiet der Nordpolforschung. Nansens Plan war, das Schiff, das er ausschlie\u00dflich f\u00fcr diese Expedition konstruiert hatte, absichtlich im Packeis einfrieren zu lassen, um sich dann mit ihm durch die Arktis treiben zu lassen. Er war &#8211; entgegen der allgemein g\u00fcltigen Meinung &#8211; davon \u00fcberzeugt, da\u00df es von Alaska nach Gr\u00f6nland eine Eisdrift gibt. Die Expedition wurde ein voller Erfolg, und es gelang Nansen sogar, mit Johansen und drei Eskimohunden auf einer Schlittenfahrt zu dem n\u00f6rdlichsten je erreichten Punkt zu gelangen. &#8211; Schnitt etwas fleckig; sonst gutes Exemplar.<\/p>\n","protected":false},"featured_media":0,"template":"","meta":[],"product_brand":[],"product_cat":[65,914],"product_tag":[],"class_list":{"0":"post-629","1":"product","2":"type-product","3":"status-publish","5":"product_cat-geographie","6":"product_cat-zvab","8":"first","9":"instock","10":"purchasable","11":"product-type-simple"},"_links":{"self":[{"href":"https:\/\/antiquariat-steinbach.com\/rarebooks\/wp-json\/wp\/v2\/product\/629","targetHints":{"allow":["GET"]}}],"collection":[{"href":"https:\/\/antiquariat-steinbach.com\/rarebooks\/wp-json\/wp\/v2\/product"}],"about":[{"href":"https:\/\/antiquariat-steinbach.com\/rarebooks\/wp-json\/wp\/v2\/types\/product"}],"version-history":[{"count":3,"href":"https:\/\/antiquariat-steinbach.com\/rarebooks\/wp-json\/wp\/v2\/product\/629\/revisions"}],"predecessor-version":[{"id":18467,"href":"https:\/\/antiquariat-steinbach.com\/rarebooks\/wp-json\/wp\/v2\/product\/629\/revisions\/18467"}],"wp:attachment":[{"href":"https:\/\/antiquariat-steinbach.com\/rarebooks\/wp-json\/wp\/v2\/media?parent=629"}],"wp:term":[{"taxonomy":"product_brand","embeddable":true,"href":"https:\/\/antiquariat-steinbach.com\/rarebooks\/wp-json\/wp\/v2\/product_brand?post=629"},{"taxonomy":"product_cat","embeddable":true,"href":"https:\/\/antiquariat-steinbach.com\/rarebooks\/wp-json\/wp\/v2\/product_cat?post=629"},{"taxonomy":"product_tag","embeddable":true,"href":"https:\/\/antiquariat-steinbach.com\/rarebooks\/wp-json\/wp\/v2\/product_tag?post=629"}],"curies":[{"name":"wp","href":"https:\/\/api.w.org\/{rel}","templated":true}]}}