{"id":6285,"date":"2026-03-12T00:18:25","date_gmt":"2026-03-11T23:18:25","guid":{"rendered":"http:\/\/antiquariat-steinbach.com\/rarebooks\/produkt\/allgemeine-naturgeschichte-fuer-alle-staende-abbildungen-zu-okens-allgemeiner-naturgeschichte-fuer-alle-staende-registerband\/"},"modified":"2026-03-12T00:18:27","modified_gmt":"2026-03-11T23:18:27","slug":"oken-lor-allgemeine-naturgeschichte-fuer-alle-staende-abbildungen-zu-okens-allgemeiner-naturgeschichte-fuer-alle-staende-registerband","status":"publish","type":"product","link":"https:\/\/antiquariat-steinbach.com\/rarebooks\/produkt\/oken-lor-allgemeine-naturgeschichte-fuer-alle-staende-abbildungen-zu-okens-allgemeiner-naturgeschichte-fuer-alle-staende-registerband\/","title":{"rendered":"Oken, (Lor.): &#8211;  Allgemeine Naturgeschichte f\u00fcr alle St\u00e4nde. &#8211; Abbildungen zu Oken&#8217;s allgemeiner Naturgeschichte f\u00fcr alle St\u00e4nde, Registerband."},"content":{"rendered":"<p>Stuttgart, Hoffmann 1839 &#8211; 1843.<\/p>\n<p>14 B\u00e4nde und Atlas-Register-Band. 34 : 28 cm. Leinenb\u00e4nde der Zeit,<\/p>\n<p>280,00 EUR<\/p>\n","protected":false},"excerpt":{"rendered":"<p>Teils unbeschnitten, ohne den Atlasband. Einb\u00e4nde teils etwas fleckig. &#8211; Nissen ZBI 3006.<\/p>\n","protected":false},"featured_media":0,"template":"","meta":[],"product_brand":[],"product_cat":[82,98,914],"product_tag":[],"class_list":{"0":"post-6285","1":"product","2":"type-product","3":"status-publish","5":"product_cat-naturwissenschaften","6":"product_cat-zoologie","7":"product_cat-zvab","9":"first","10":"instock","11":"purchasable","12":"product-type-simple"},"_links":{"self":[{"href":"https:\/\/antiquariat-steinbach.com\/rarebooks\/wp-json\/wp\/v2\/product\/6285","targetHints":{"allow":["GET"]}}],"collection":[{"href":"https:\/\/antiquariat-steinbach.com\/rarebooks\/wp-json\/wp\/v2\/product"}],"about":[{"href":"https:\/\/antiquariat-steinbach.com\/rarebooks\/wp-json\/wp\/v2\/types\/product"}],"version-history":[{"count":3,"href":"https:\/\/antiquariat-steinbach.com\/rarebooks\/wp-json\/wp\/v2\/product\/6285\/revisions"}],"predecessor-version":[{"id":21095,"href":"https:\/\/antiquariat-steinbach.com\/rarebooks\/wp-json\/wp\/v2\/product\/6285\/revisions\/21095"}],"wp:attachment":[{"href":"https:\/\/antiquariat-steinbach.com\/rarebooks\/wp-json\/wp\/v2\/media?parent=6285"}],"wp:term":[{"taxonomy":"product_brand","embeddable":true,"href":"https:\/\/antiquariat-steinbach.com\/rarebooks\/wp-json\/wp\/v2\/product_brand?post=6285"},{"taxonomy":"product_cat","embeddable":true,"href":"https:\/\/antiquariat-steinbach.com\/rarebooks\/wp-json\/wp\/v2\/product_cat?post=6285"},{"taxonomy":"product_tag","embeddable":true,"href":"https:\/\/antiquariat-steinbach.com\/rarebooks\/wp-json\/wp\/v2\/product_tag?post=6285"}],"curies":[{"name":"wp","href":"https:\/\/api.w.org\/{rel}","templated":true}]}}