{"id":6281,"date":"2026-03-12T00:18:25","date_gmt":"2026-03-11T23:18:25","guid":{"rendered":"http:\/\/antiquariat-steinbach.com\/rarebooks\/produkt\/werkstatt-rixdorfer-drucke-oeuvre-verzeichnis\/"},"modified":"2026-03-12T00:18:27","modified_gmt":"2026-03-11T23:18:27","slug":"ohff-heinz-editor-werkstatt-rixdorfer-drucke-oeuvre-verzeichnis","status":"publish","type":"product","link":"https:\/\/antiquariat-steinbach.com\/rarebooks\/produkt\/ohff-heinz-editor-werkstatt-rixdorfer-drucke-oeuvre-verzeichnis\/","title":{"rendered":"Ohff, Heinz (editor). &#8211;  Werkstatt Rixdorfer Drucke. Oeuvre Verzeichnis."},"content":{"rendered":"<p>Hamburg, Merlin, 1970.<\/p>\n<p>5 volumes.  29,5 : 20 cm.<\/p>\n<p>180,00 EUR<\/p>\n","protected":false},"excerpt":{"rendered":"<p>With many partly coloured plates and ilustrations. Coloured illustrated original half-cloth in illustrated original slipcase. Oeuvre-catalogue of the fur artists forming the famous &#8218;Rixdorfer&#8216;. Ali Schindeh\u00fctte: &#8218;Fr\u00fche Zeichnungen, Tafelbilder, Illustrationen, Holzschnitte, Lithographien, Radierungen&#8216; &#8211; Arno Waldschmidt: &#8218;Gepr\u00e4ge &#038; Bilder&#8216; &#8211; Johannes Vennekamp: &#8218;Reklame f\u00fcr mich&#8216; &#8211; Uwe Bremer: &#8218;\u00d6lbilder &#038; Radierungen&#8216; &#8211; The first volue contains the Oeuvre-catalogue: Seven years &#8218;Werkstatt Rixdorfer Drucke&#8216; describing all the works the four artist have done with illustration. Coloured illustrated original half-cloth in illustrated original slipcase.<\/p>\n","protected":false},"featured_media":15650,"template":"","meta":[],"product_brand":[],"product_cat":[40,765,914],"product_tag":[],"class_list":{"0":"post-6281","1":"product","2":"type-product","3":"status-publish","4":"has-post-thumbnail","6":"product_cat-kuenstlermonographien","7":"product_cat-rixdorfer-20-jahrhundert","8":"product_cat-zvab","10":"first","11":"instock","12":"purchasable","13":"product-type-simple"},"_links":{"self":[{"href":"https:\/\/antiquariat-steinbach.com\/rarebooks\/wp-json\/wp\/v2\/product\/6281","targetHints":{"allow":["GET"]}}],"collection":[{"href":"https:\/\/antiquariat-steinbach.com\/rarebooks\/wp-json\/wp\/v2\/product"}],"about":[{"href":"https:\/\/antiquariat-steinbach.com\/rarebooks\/wp-json\/wp\/v2\/types\/product"}],"version-history":[{"count":3,"href":"https:\/\/antiquariat-steinbach.com\/rarebooks\/wp-json\/wp\/v2\/product\/6281\/revisions"}],"predecessor-version":[{"id":21094,"href":"https:\/\/antiquariat-steinbach.com\/rarebooks\/wp-json\/wp\/v2\/product\/6281\/revisions\/21094"}],"wp:featuredmedia":[{"embeddable":true,"href":"https:\/\/antiquariat-steinbach.com\/rarebooks\/wp-json\/wp\/v2\/media\/15650"}],"wp:attachment":[{"href":"https:\/\/antiquariat-steinbach.com\/rarebooks\/wp-json\/wp\/v2\/media?parent=6281"}],"wp:term":[{"taxonomy":"product_brand","embeddable":true,"href":"https:\/\/antiquariat-steinbach.com\/rarebooks\/wp-json\/wp\/v2\/product_brand?post=6281"},{"taxonomy":"product_cat","embeddable":true,"href":"https:\/\/antiquariat-steinbach.com\/rarebooks\/wp-json\/wp\/v2\/product_cat?post=6281"},{"taxonomy":"product_tag","embeddable":true,"href":"https:\/\/antiquariat-steinbach.com\/rarebooks\/wp-json\/wp\/v2\/product_tag?post=6281"}],"curies":[{"name":"wp","href":"https:\/\/api.w.org\/{rel}","templated":true}]}}