{"id":6269,"date":"2026-03-12T00:18:25","date_gmt":"2026-03-11T23:18:25","guid":{"rendered":"http:\/\/antiquariat-steinbach.com\/rarebooks\/produkt\/gebirgs-bluethen\/"},"modified":"2026-03-12T00:18:26","modified_gmt":"2026-03-11T23:18:26","slug":"oeser-louis-gebirgs-bluethen","status":"publish","type":"product","link":"https:\/\/antiquariat-steinbach.com\/rarebooks\/produkt\/oeser-louis-gebirgs-bluethen\/","title":{"rendered":"Oeser, Louis: &#8211;  Gebirgs-Bl\u00fcthen."},"content":{"rendered":"<p>Neusalza, Oeser o.J. (ca. 1880).<\/p>\n<p>Erste Band. 22,5 : 15,5 cm. 446 Seiten, 1 Blatt Mit 39 (statt 43) lithographierten Tafeln. Halbleinenband der Zeit.<\/p>\n<p>45,00 EUR<\/p>\n","protected":false},"excerpt":{"rendered":"<p>Die Tafeln zeigen Portraits, Ansichten, Szenen des t\u00e4glichen Lebens etc. &#8211; Durchgehend st\u00e4rker fleckig; Einband berieben, R\u00fccken erneuert.<\/p>\n","protected":false},"featured_media":15645,"template":"","meta":[],"product_brand":[],"product_cat":[43,32,914],"product_tag":[],"class_list":{"0":"post-6269","1":"product","2":"type-product","3":"status-publish","4":"has-post-thumbnail","6":"product_cat-illustrierte-buecher","7":"product_cat-literatur","8":"product_cat-zvab","10":"first","11":"instock","12":"purchasable","13":"product-type-simple"},"_links":{"self":[{"href":"https:\/\/antiquariat-steinbach.com\/rarebooks\/wp-json\/wp\/v2\/product\/6269","targetHints":{"allow":["GET"]}}],"collection":[{"href":"https:\/\/antiquariat-steinbach.com\/rarebooks\/wp-json\/wp\/v2\/product"}],"about":[{"href":"https:\/\/antiquariat-steinbach.com\/rarebooks\/wp-json\/wp\/v2\/types\/product"}],"version-history":[{"count":3,"href":"https:\/\/antiquariat-steinbach.com\/rarebooks\/wp-json\/wp\/v2\/product\/6269\/revisions"}],"predecessor-version":[{"id":21088,"href":"https:\/\/antiquariat-steinbach.com\/rarebooks\/wp-json\/wp\/v2\/product\/6269\/revisions\/21088"}],"wp:featuredmedia":[{"embeddable":true,"href":"https:\/\/antiquariat-steinbach.com\/rarebooks\/wp-json\/wp\/v2\/media\/15645"}],"wp:attachment":[{"href":"https:\/\/antiquariat-steinbach.com\/rarebooks\/wp-json\/wp\/v2\/media?parent=6269"}],"wp:term":[{"taxonomy":"product_brand","embeddable":true,"href":"https:\/\/antiquariat-steinbach.com\/rarebooks\/wp-json\/wp\/v2\/product_brand?post=6269"},{"taxonomy":"product_cat","embeddable":true,"href":"https:\/\/antiquariat-steinbach.com\/rarebooks\/wp-json\/wp\/v2\/product_cat?post=6269"},{"taxonomy":"product_tag","embeddable":true,"href":"https:\/\/antiquariat-steinbach.com\/rarebooks\/wp-json\/wp\/v2\/product_tag?post=6269"}],"curies":[{"name":"wp","href":"https:\/\/api.w.org\/{rel}","templated":true}]}}