{"id":6267,"date":"2026-03-12T00:18:25","date_gmt":"2026-03-11T23:18:25","guid":{"rendered":"http:\/\/antiquariat-steinbach.com\/rarebooks\/produkt\/de-geldhapers\/"},"modified":"2026-03-12T00:18:26","modified_gmt":"2026-03-11T23:18:26","slug":"oda-weitbrecht-presse-voss-johan-heinrich-de-geldhapers","status":"publish","type":"product","link":"https:\/\/antiquariat-steinbach.com\/rarebooks\/produkt\/oda-weitbrecht-presse-voss-johan-heinrich-de-geldhapers\/","title":{"rendered":"Oda Weitbrecht-Presse &#8211;   Vo\u00df, Joh(an) Heinr(ich): &#8211;  De Geldhapers."},"content":{"rendered":"<p>(Hamburg, Oad Weitbrecht Presse (1927).<\/p>\n<p>18,5 : 12 cm. 12 Blatt Original-Pappband.<\/p>\n<p>25,00 EUR<\/p>\n","protected":false},"excerpt":{"rendered":"<p>Eines von 300 numerierten Exemplaren. Handpressendurck auf B\u00fctten in der Original-Schwabacher. Gabe der Hamburger Staats- und Universit\u00e4ts-bibliothek f\u00fcr die Gesellschaft der Bibliophilen. Mit einem Nachwort von G(ustav) Wahl zur Entstehungsgeschichte der beiden Idyllen in den Jahren 1776 und 1777. &#8211; Rodenberg II, 54; Rodenberg, Deutsche Bibliophilie 50.<\/p>\n","protected":false},"featured_media":0,"template":"","meta":[],"product_brand":[],"product_cat":[85,46,333,914],"product_tag":[],"class_list":{"0":"post-6267","1":"product","2":"type-product","3":"status-publish","5":"product_cat-bibliophilie","6":"product_cat-pressendrucke","7":"product_cat-s14","8":"product_cat-zvab","10":"first","11":"instock","12":"purchasable","13":"product-type-simple"},"_links":{"self":[{"href":"https:\/\/antiquariat-steinbach.com\/rarebooks\/wp-json\/wp\/v2\/product\/6267","targetHints":{"allow":["GET"]}}],"collection":[{"href":"https:\/\/antiquariat-steinbach.com\/rarebooks\/wp-json\/wp\/v2\/product"}],"about":[{"href":"https:\/\/antiquariat-steinbach.com\/rarebooks\/wp-json\/wp\/v2\/types\/product"}],"version-history":[{"count":3,"href":"https:\/\/antiquariat-steinbach.com\/rarebooks\/wp-json\/wp\/v2\/product\/6267\/revisions"}],"predecessor-version":[{"id":21087,"href":"https:\/\/antiquariat-steinbach.com\/rarebooks\/wp-json\/wp\/v2\/product\/6267\/revisions\/21087"}],"wp:attachment":[{"href":"https:\/\/antiquariat-steinbach.com\/rarebooks\/wp-json\/wp\/v2\/media?parent=6267"}],"wp:term":[{"taxonomy":"product_brand","embeddable":true,"href":"https:\/\/antiquariat-steinbach.com\/rarebooks\/wp-json\/wp\/v2\/product_brand?post=6267"},{"taxonomy":"product_cat","embeddable":true,"href":"https:\/\/antiquariat-steinbach.com\/rarebooks\/wp-json\/wp\/v2\/product_cat?post=6267"},{"taxonomy":"product_tag","embeddable":true,"href":"https:\/\/antiquariat-steinbach.com\/rarebooks\/wp-json\/wp\/v2\/product_tag?post=6267"}],"curies":[{"name":"wp","href":"https:\/\/api.w.org\/{rel}","templated":true}]}}