{"id":6253,"date":"2026-03-12T00:18:23","date_gmt":"2026-03-11T23:18:23","guid":{"rendered":"http:\/\/antiquariat-steinbach.com\/rarebooks\/produkt\/17-farbenphotographische-aufnahmen-von-nuernberg\/"},"modified":"2026-03-12T00:18:24","modified_gmt":"2026-03-11T23:18:24","slug":"nuernberg-hildebrand-hans-17-farbenphotographische-aufnahmen-von-nuernberg","status":"publish","type":"product","link":"https:\/\/antiquariat-steinbach.com\/rarebooks\/produkt\/nuernberg-hildebrand-hans-17-farbenphotographische-aufnahmen-von-nuernberg\/","title":{"rendered":"N\u00fcrnberg &#8211;   Hildebrand, Hans &#8211;  17 farbenphotographische Aufnahmen von N\u00fcrnberg."},"content":{"rendered":"<p>M\u00fcnchen,  Herpich, ca. 1930.<\/p>\n<p>14 : 9 cm. 17 Postkarten.<\/p>\n<p>17,00 EUR<\/p>\n","protected":false},"excerpt":{"rendered":"<p>Zeigt die wichtigsten Ansichten von N\u00fcrnberg.<\/p>\n","protected":false},"featured_media":0,"template":"","meta":[],"product_brand":[],"product_cat":[73,74,129,914],"product_tag":[],"class_list":{"0":"post-6253","1":"product","2":"type-product","3":"status-publish","5":"product_cat-bayern","6":"product_cat-deutschland","7":"product_cat-postkarten","8":"product_cat-zvab","10":"first","11":"instock","12":"purchasable","13":"product-type-simple"},"_links":{"self":[{"href":"https:\/\/antiquariat-steinbach.com\/rarebooks\/wp-json\/wp\/v2\/product\/6253","targetHints":{"allow":["GET"]}}],"collection":[{"href":"https:\/\/antiquariat-steinbach.com\/rarebooks\/wp-json\/wp\/v2\/product"}],"about":[{"href":"https:\/\/antiquariat-steinbach.com\/rarebooks\/wp-json\/wp\/v2\/types\/product"}],"version-history":[{"count":3,"href":"https:\/\/antiquariat-steinbach.com\/rarebooks\/wp-json\/wp\/v2\/product\/6253\/revisions"}],"predecessor-version":[{"id":21079,"href":"https:\/\/antiquariat-steinbach.com\/rarebooks\/wp-json\/wp\/v2\/product\/6253\/revisions\/21079"}],"wp:attachment":[{"href":"https:\/\/antiquariat-steinbach.com\/rarebooks\/wp-json\/wp\/v2\/media?parent=6253"}],"wp:term":[{"taxonomy":"product_brand","embeddable":true,"href":"https:\/\/antiquariat-steinbach.com\/rarebooks\/wp-json\/wp\/v2\/product_brand?post=6253"},{"taxonomy":"product_cat","embeddable":true,"href":"https:\/\/antiquariat-steinbach.com\/rarebooks\/wp-json\/wp\/v2\/product_cat?post=6253"},{"taxonomy":"product_tag","embeddable":true,"href":"https:\/\/antiquariat-steinbach.com\/rarebooks\/wp-json\/wp\/v2\/product_tag?post=6253"}],"curies":[{"name":"wp","href":"https:\/\/api.w.org\/{rel}","templated":true}]}}