{"id":625,"date":"2026-03-12T00:00:35","date_gmt":"2026-03-11T23:00:35","guid":{"rendered":"http:\/\/antiquariat-steinbach.com\/rarebooks\/produkt\/instruktion-die-verfertigung-der-civil-geschaeftstabellen-bey-den-stadt-land-und-mediat-untergerichten-betreffend\/"},"modified":"2026-03-12T00:00:36","modified_gmt":"2026-03-11T23:00:36","slug":"aretin-chr-frh-v-instruktion-die-verfertigung-der-civil-geschaeftstabellen-bey-den-stadt-land-und-mediat-untergerichten-betreffend","status":"publish","type":"product","link":"https:\/\/antiquariat-steinbach.com\/rarebooks\/produkt\/aretin-chr-frh-v-instruktion-die-verfertigung-der-civil-geschaeftstabellen-bey-den-stadt-land-und-mediat-untergerichten-betreffend\/","title":{"rendered":"Aretin, Chr. Frh. v.: &#8211;  Instruktion, die Verfertigung der Civil-Gesch\u00e4ftstabellen bey den Stadt-, Land- und Mediat-Untergerichten betreffend."},"content":{"rendered":"<p>Neuburg, 1813.<\/p>\n<p>19,5:12cm. 46, 27 Seiten Pappband der Zeit.<\/p>\n<p>25,00 EUR<\/p>\n","protected":false},"excerpt":{"rendered":"<p>Im Anhang Verzeichnis s\u00e4mtlicher im 1. Halbjahr 1813 am Landgericht Steinwehr h\u00e4ngiger Civil-Rechtsstreite, Konkurssverfahren u.\u00e4.<\/p>\n","protected":false},"featured_media":27238,"template":"","meta":[],"product_brand":[],"product_cat":[73,111,914],"product_tag":[],"class_list":{"0":"post-625","1":"product","2":"type-product","3":"status-publish","4":"has-post-thumbnail","6":"product_cat-bayern","7":"product_cat-varia","8":"product_cat-zvab","10":"first","11":"instock","12":"purchasable","13":"product-type-simple"},"_links":{"self":[{"href":"https:\/\/antiquariat-steinbach.com\/rarebooks\/wp-json\/wp\/v2\/product\/625","targetHints":{"allow":["GET"]}}],"collection":[{"href":"https:\/\/antiquariat-steinbach.com\/rarebooks\/wp-json\/wp\/v2\/product"}],"about":[{"href":"https:\/\/antiquariat-steinbach.com\/rarebooks\/wp-json\/wp\/v2\/types\/product"}],"version-history":[{"count":3,"href":"https:\/\/antiquariat-steinbach.com\/rarebooks\/wp-json\/wp\/v2\/product\/625\/revisions"}],"predecessor-version":[{"id":18465,"href":"https:\/\/antiquariat-steinbach.com\/rarebooks\/wp-json\/wp\/v2\/product\/625\/revisions\/18465"}],"wp:featuredmedia":[{"embeddable":true,"href":"https:\/\/antiquariat-steinbach.com\/rarebooks\/wp-json\/wp\/v2\/media\/27238"}],"wp:attachment":[{"href":"https:\/\/antiquariat-steinbach.com\/rarebooks\/wp-json\/wp\/v2\/media?parent=625"}],"wp:term":[{"taxonomy":"product_brand","embeddable":true,"href":"https:\/\/antiquariat-steinbach.com\/rarebooks\/wp-json\/wp\/v2\/product_brand?post=625"},{"taxonomy":"product_cat","embeddable":true,"href":"https:\/\/antiquariat-steinbach.com\/rarebooks\/wp-json\/wp\/v2\/product_cat?post=625"},{"taxonomy":"product_tag","embeddable":true,"href":"https:\/\/antiquariat-steinbach.com\/rarebooks\/wp-json\/wp\/v2\/product_tag?post=625"}],"curies":[{"name":"wp","href":"https:\/\/api.w.org\/{rel}","templated":true}]}}