{"id":6205,"date":"2026-03-12T00:18:19","date_gmt":"2026-03-11T23:18:19","guid":{"rendered":"http:\/\/antiquariat-steinbach.com\/rarebooks\/produkt\/deutsches-alpenbuch\/"},"modified":"2026-03-12T00:18:20","modified_gmt":"2026-03-11T23:18:20","slug":"noe-heinrich-deutsches-alpenbuch","status":"publish","type":"product","link":"https:\/\/antiquariat-steinbach.com\/rarebooks\/produkt\/noe-heinrich-deutsches-alpenbuch\/","title":{"rendered":"Noe, Heinrich: &#8211;  Deutsches Alpenbuch."},"content":{"rendered":"<p>Glogau, Fleming (1875-1888).<\/p>\n<p>4 B\u00e4nde. 19,5 : 13 cm. Mit 198 teils ganzseitigen Textholzschnitten. Gr\u00fcne illustrierte Original-Leinenb\u00e4nde.<\/p>\n<p>480,00 EUR<\/p>\n","protected":false},"excerpt":{"rendered":"<p>Die komplette Reihe des deutschen Alpenbuchs umfa\u00dft Salzkammergut, Oberbayern, Allg\u00e4u &#8211; Krain, Istrien, K\u00fcstenland &#8211; Tirol und Vorarlberg &#8211; Steiermark und K\u00e4rnten. Sehr sch\u00f6nes, fleckenfreies Exemplar, in den Original Verleger-Einb\u00e4nden, tadellos erhalten.<\/p>\n","protected":false},"featured_media":15174,"template":"","meta":[],"product_brand":[],"product_cat":[118,83,71,74,66,914],"product_tag":[],"class_list":{"0":"post-6205","1":"product","2":"type-product","3":"status-publish","4":"has-post-thumbnail","6":"product_cat-alpinistik","7":"product_cat-ansichten","8":"product_cat-austriaca","9":"product_cat-deutschland","10":"product_cat-reisen","11":"product_cat-zvab","13":"first","14":"instock","15":"purchasable","16":"product-type-simple"},"_links":{"self":[{"href":"https:\/\/antiquariat-steinbach.com\/rarebooks\/wp-json\/wp\/v2\/product\/6205","targetHints":{"allow":["GET"]}}],"collection":[{"href":"https:\/\/antiquariat-steinbach.com\/rarebooks\/wp-json\/wp\/v2\/product"}],"about":[{"href":"https:\/\/antiquariat-steinbach.com\/rarebooks\/wp-json\/wp\/v2\/types\/product"}],"version-history":[{"count":4,"href":"https:\/\/antiquariat-steinbach.com\/rarebooks\/wp-json\/wp\/v2\/product\/6205\/revisions"}],"predecessor-version":[{"id":27873,"href":"https:\/\/antiquariat-steinbach.com\/rarebooks\/wp-json\/wp\/v2\/product\/6205\/revisions\/27873"}],"wp:featuredmedia":[{"embeddable":true,"href":"https:\/\/antiquariat-steinbach.com\/rarebooks\/wp-json\/wp\/v2\/media\/15174"}],"wp:attachment":[{"href":"https:\/\/antiquariat-steinbach.com\/rarebooks\/wp-json\/wp\/v2\/media?parent=6205"}],"wp:term":[{"taxonomy":"product_brand","embeddable":true,"href":"https:\/\/antiquariat-steinbach.com\/rarebooks\/wp-json\/wp\/v2\/product_brand?post=6205"},{"taxonomy":"product_cat","embeddable":true,"href":"https:\/\/antiquariat-steinbach.com\/rarebooks\/wp-json\/wp\/v2\/product_cat?post=6205"},{"taxonomy":"product_tag","embeddable":true,"href":"https:\/\/antiquariat-steinbach.com\/rarebooks\/wp-json\/wp\/v2\/product_tag?post=6205"}],"curies":[{"name":"wp","href":"https:\/\/api.w.org\/{rel}","templated":true}]}}