{"id":6141,"date":"2026-03-12T00:24:37","date_gmt":"2026-03-11T23:24:37","guid":{"rendered":"http:\/\/antiquariat-steinbach.com\/rarebooks\/produkt\/neueste-sammlung-jener-schriften-die-von-einigen-jahren-her-ueber-verschiedene-wichtigste-gegenstaende-zur-steuer-der-wahrheit-im-druck-erschienen-sind\/"},"modified":"2026-03-12T00:24:37","modified_gmt":"2026-03-11T23:24:37","slug":"theologie-neueste-sammlung-jener-schriften-die-von-einigen-jahren-her-ueber-verschiedene-wichtigste-gegenstaende-zur-steuer-der-wahrheit-im-druck-erschienen-sind","status":"publish","type":"product","link":"https:\/\/antiquariat-steinbach.com\/rarebooks\/produkt\/theologie-neueste-sammlung-jener-schriften-die-von-einigen-jahren-her-ueber-verschiedene-wichtigste-gegenstaende-zur-steuer-der-wahrheit-im-druck-erschienen-sind\/","title":{"rendered":"Theologie &#8211;   Neueste Sammlung jener Schriften, die von einigen Jahren her \u00fcber verschiedene wichtigste Gegenst\u00e4nde zur Steuer der Wahrheit im Druck erschienen sind."},"content":{"rendered":"<p>Augsburg, Auf dem Oberpostamt, Bullmann und Seiz 1784-1785.<\/p>\n<p>B\u00e4nde 5, 8, 12 und 17. 17 : 10,5 cm. Pappb\u00e4nde der Zeit.<\/p>\n<p>350,00 EUR<\/p>\n","protected":false},"excerpt":{"rendered":"<p>\u00c4u\u00dferst seltene B\u00e4nde dieser Zeitschrift, deren Schriften gr\u00f6\u00dftenteils auch einzeln erschienen sind. Nimmt vom katholisch klerikalen Standpunkt aus Stellung zu allen (Streit-)Fragen der Zeit und enth\u00e4lt eine Vielzahl h\u00f6chst interessanter und oft polemischer Abhandlungen (meist anonym) \u00fcber Kirche und Staat, Kirchenrecht sowie \u00fcber Abla\u00df, Eide, Ehe, Freimaurer, Ohrenbeichte u.a. Mit vielfachem Bezug bzw. direkten Antworten auf die Schriften des Josephinismus in Wien von Eybel, Richter u.a. &#8211; Einband von Band 5 im Stil der Zeit erneuert, sonst gutes Exemplar.<\/p>\n","protected":false},"featured_media":15158,"template":"","meta":[],"product_brand":[],"product_cat":[298,32,103,110,914],"product_tag":[],"class_list":{"0":"post-6141","1":"product","2":"type-product","3":"status-publish","4":"has-post-thumbnail","6":"product_cat-josephinica","7":"product_cat-literatur","8":"product_cat-michael","9":"product_cat-theologie","10":"product_cat-zvab","12":"first","13":"instock","14":"purchasable","15":"product-type-simple"},"_links":{"self":[{"href":"https:\/\/antiquariat-steinbach.com\/rarebooks\/wp-json\/wp\/v2\/product\/6141","targetHints":{"allow":["GET"]}}],"collection":[{"href":"https:\/\/antiquariat-steinbach.com\/rarebooks\/wp-json\/wp\/v2\/product"}],"about":[{"href":"https:\/\/antiquariat-steinbach.com\/rarebooks\/wp-json\/wp\/v2\/types\/product"}],"version-history":[{"count":3,"href":"https:\/\/antiquariat-steinbach.com\/rarebooks\/wp-json\/wp\/v2\/product\/6141\/revisions"}],"predecessor-version":[{"id":23788,"href":"https:\/\/antiquariat-steinbach.com\/rarebooks\/wp-json\/wp\/v2\/product\/6141\/revisions\/23788"}],"wp:featuredmedia":[{"embeddable":true,"href":"https:\/\/antiquariat-steinbach.com\/rarebooks\/wp-json\/wp\/v2\/media\/15158"}],"wp:attachment":[{"href":"https:\/\/antiquariat-steinbach.com\/rarebooks\/wp-json\/wp\/v2\/media?parent=6141"}],"wp:term":[{"taxonomy":"product_brand","embeddable":true,"href":"https:\/\/antiquariat-steinbach.com\/rarebooks\/wp-json\/wp\/v2\/product_brand?post=6141"},{"taxonomy":"product_cat","embeddable":true,"href":"https:\/\/antiquariat-steinbach.com\/rarebooks\/wp-json\/wp\/v2\/product_cat?post=6141"},{"taxonomy":"product_tag","embeddable":true,"href":"https:\/\/antiquariat-steinbach.com\/rarebooks\/wp-json\/wp\/v2\/product_tag?post=6141"}],"curies":[{"name":"wp","href":"https:\/\/api.w.org\/{rel}","templated":true}]}}