{"id":6139,"date":"2026-03-12T00:18:13","date_gmt":"2026-03-11T23:18:13","guid":{"rendered":"http:\/\/antiquariat-steinbach.com\/rarebooks\/produkt\/geographisch-statische-naturhistorische-beschreibung-des-koenigreichs-spanien-und-dessen-besitzungen-in-sued-und-nordamerika-und-anderen-welttheilen\/"},"modified":"2026-03-12T00:18:15","modified_gmt":"2026-03-11T23:18:15","slug":"neueste-geographisch-statische-naturhistorische-beschreibung-des-koenigreichs-spanien-und-dessen-besitzungen-in-sued-und-nordamerika-und-anderen-welttheilen","status":"publish","type":"product","link":"https:\/\/antiquariat-steinbach.com\/rarebooks\/produkt\/neueste-geographisch-statische-naturhistorische-beschreibung-des-koenigreichs-spanien-und-dessen-besitzungen-in-sued-und-nordamerika-und-anderen-welttheilen\/","title":{"rendered":"Neueste: &#8211;  geographisch-statische-naturhistorische Beschreibung des K\u00f6nigreichs Spanien, und dessen Besitzungen in S\u00fcd- und Nordamerika und anderen Welttheilen.."},"content":{"rendered":"<p>Viena, Gerold 1808.<\/p>\n<p>19 : 11,5 cm. IV p\u00e1ginas, 1 hoja, 139 p\u00e1ginas Con un mapa grabado y plegado. Carton\u00e9 de \u00e9poca.<\/p>\n<p>220,00 EUR<\/p>\n","protected":false},"excerpt":{"rendered":"<p>Describe los costumbres y la folklore de Espa\u00f1a y las cuidades mas importantes. &#8211; Titulo con cu\u00f1o, algunas manchas de oxido; encuadernacion manchada.<\/p>\n","protected":false},"featured_media":0,"template":"","meta":[],"product_brand":[],"product_cat":[65,148,914],"product_tag":[],"class_list":{"0":"post-6139","1":"product","2":"type-product","3":"status-publish","5":"product_cat-geographie","6":"product_cat-spanien","7":"product_cat-zvab","9":"first","10":"instock","11":"purchasable","12":"product-type-simple"},"_links":{"self":[{"href":"https:\/\/antiquariat-steinbach.com\/rarebooks\/wp-json\/wp\/v2\/product\/6139","targetHints":{"allow":["GET"]}}],"collection":[{"href":"https:\/\/antiquariat-steinbach.com\/rarebooks\/wp-json\/wp\/v2\/product"}],"about":[{"href":"https:\/\/antiquariat-steinbach.com\/rarebooks\/wp-json\/wp\/v2\/types\/product"}],"version-history":[{"count":3,"href":"https:\/\/antiquariat-steinbach.com\/rarebooks\/wp-json\/wp\/v2\/product\/6139\/revisions"}],"predecessor-version":[{"id":21024,"href":"https:\/\/antiquariat-steinbach.com\/rarebooks\/wp-json\/wp\/v2\/product\/6139\/revisions\/21024"}],"wp:attachment":[{"href":"https:\/\/antiquariat-steinbach.com\/rarebooks\/wp-json\/wp\/v2\/media?parent=6139"}],"wp:term":[{"taxonomy":"product_brand","embeddable":true,"href":"https:\/\/antiquariat-steinbach.com\/rarebooks\/wp-json\/wp\/v2\/product_brand?post=6139"},{"taxonomy":"product_cat","embeddable":true,"href":"https:\/\/antiquariat-steinbach.com\/rarebooks\/wp-json\/wp\/v2\/product_cat?post=6139"},{"taxonomy":"product_tag","embeddable":true,"href":"https:\/\/antiquariat-steinbach.com\/rarebooks\/wp-json\/wp\/v2\/product_tag?post=6139"}],"curies":[{"name":"wp","href":"https:\/\/api.w.org\/{rel}","templated":true}]}}