{"id":6135,"date":"2026-03-12T00:18:13","date_gmt":"2026-03-11T23:18:13","guid":{"rendered":"http:\/\/antiquariat-steinbach.com\/rarebooks\/produkt\/neue-sachlichkeit-und-realismus-kunst-zwischen-den-kriegen\/"},"modified":"2026-03-12T00:18:15","modified_gmt":"2026-03-11T23:18:15","slug":"neue-sachlichkeit-und-realismus-kunst-zwischen-den-kriegen","status":"publish","type":"product","link":"https:\/\/antiquariat-steinbach.com\/rarebooks\/produkt\/neue-sachlichkeit-und-realismus-kunst-zwischen-den-kriegen\/","title":{"rendered":"Neue Sachlichkeit und Realismus. Kunst zwischen den Kriegen."},"content":{"rendered":"<p>Wien, Museum des 20. Jahrhunderts, 1977.<\/p>\n<p>24 : 20,5 cm. 220 pages with many, partly coloured illustrations. Coloured illustrated original boards.<\/p>\n<p>25,00 EUR<\/p>\n","protected":false},"excerpt":{"rendered":"<p>The art between the wars. Shown are works by Balthus, Beckmann, Carr\u00e1, Chirico, Darvinghausen, Dix, Grosz, G\u00fctersloh, Hauser, H\u00f6ch, Hofer, Hopper, Hubuch, Morandi,O&#8217;Keeffe, Ozenfant, Picasso, Schrimpf, Wacker, Wunderwald and others.<\/p>\n","protected":false},"featured_media":15156,"template":"","meta":[],"product_brand":[],"product_cat":[29,30,210,914],"product_tag":[],"class_list":{"0":"post-6135","1":"product","2":"type-product","3":"status-publish","4":"has-post-thumbnail","6":"product_cat-20-jahrhundert","7":"product_cat-malerei","8":"product_cat-world-exhibition","9":"product_cat-zvab","11":"first","12":"instock","13":"purchasable","14":"product-type-simple"},"_links":{"self":[{"href":"https:\/\/antiquariat-steinbach.com\/rarebooks\/wp-json\/wp\/v2\/product\/6135","targetHints":{"allow":["GET"]}}],"collection":[{"href":"https:\/\/antiquariat-steinbach.com\/rarebooks\/wp-json\/wp\/v2\/product"}],"about":[{"href":"https:\/\/antiquariat-steinbach.com\/rarebooks\/wp-json\/wp\/v2\/types\/product"}],"version-history":[{"count":2,"href":"https:\/\/antiquariat-steinbach.com\/rarebooks\/wp-json\/wp\/v2\/product\/6135\/revisions"}],"predecessor-version":[{"id":12577,"href":"https:\/\/antiquariat-steinbach.com\/rarebooks\/wp-json\/wp\/v2\/product\/6135\/revisions\/12577"}],"wp:featuredmedia":[{"embeddable":true,"href":"https:\/\/antiquariat-steinbach.com\/rarebooks\/wp-json\/wp\/v2\/media\/15156"}],"wp:attachment":[{"href":"https:\/\/antiquariat-steinbach.com\/rarebooks\/wp-json\/wp\/v2\/media?parent=6135"}],"wp:term":[{"taxonomy":"product_brand","embeddable":true,"href":"https:\/\/antiquariat-steinbach.com\/rarebooks\/wp-json\/wp\/v2\/product_brand?post=6135"},{"taxonomy":"product_cat","embeddable":true,"href":"https:\/\/antiquariat-steinbach.com\/rarebooks\/wp-json\/wp\/v2\/product_cat?post=6135"},{"taxonomy":"product_tag","embeddable":true,"href":"https:\/\/antiquariat-steinbach.com\/rarebooks\/wp-json\/wp\/v2\/product_tag?post=6135"}],"curies":[{"name":"wp","href":"https:\/\/api.w.org\/{rel}","templated":true}]}}