{"id":6087,"date":"2026-03-12T00:18:09","date_gmt":"2026-03-11T23:18:09","guid":{"rendered":"http:\/\/antiquariat-steinbach.com\/rarebooks\/produkt\/leben-napoleons-onapartes-kaiser-der-franzosen-mit-einer-historischen-uebersicht-ueber-die-franzoesische-revolution\/"},"modified":"2026-03-12T00:18:09","modified_gmt":"2026-03-11T23:18:09","slug":"napoleon-scott-walter-leben-napoleons-onapartes-kaiser-der-franzosen-mit-einer-historischen-uebersicht-ueber-die-franzoesische-revolution","status":"publish","type":"product","link":"https:\/\/antiquariat-steinbach.com\/rarebooks\/produkt\/napoleon-scott-walter-leben-napoleons-onapartes-kaiser-der-franzosen-mit-einer-historischen-uebersicht-ueber-die-franzoesische-revolution\/","title":{"rendered":"Napoleon &#8211;   Scott, Walter. &#8211;  Leben Napoleons onaparte&#8217;s, Kaiser der Franzosen. Mit einer historischen Uebersicht \u00fcber die franz\u00f6sische Revolution."},"content":{"rendered":"<p>Gr\u00e4tz, Kienreich, 1828.<\/p>\n<p>9 B\u00e4nde (alles) 14 : 10,5 cm. Pappb\u00e4nder Zeit mit rotem R\u00fcckenschild.<\/p>\n<p>120,00 EUR<\/p>\n","protected":false},"excerpt":{"rendered":"<p>Papier teilweise gebr\u00e4unt und wenig fleckig; Einb\u00e4nde etwas berieben und bestossen.<\/p>\n","protected":false},"featured_media":0,"template":"","meta":[],"product_brand":[],"product_cat":[192,96,97,59,566,914],"product_tag":[],"class_list":{"0":"post-6087","1":"product","2":"type-product","3":"status-publish","5":"product_cat-biographien","6":"product_cat-frankreich","7":"product_cat-geschichte","8":"product_cat-kulturgeschichte","9":"product_cat-napoleon","10":"product_cat-zvab","12":"first","13":"instock","14":"purchasable","15":"product-type-simple"},"_links":{"self":[{"href":"https:\/\/antiquariat-steinbach.com\/rarebooks\/wp-json\/wp\/v2\/product\/6087","targetHints":{"allow":["GET"]}}],"collection":[{"href":"https:\/\/antiquariat-steinbach.com\/rarebooks\/wp-json\/wp\/v2\/product"}],"about":[{"href":"https:\/\/antiquariat-steinbach.com\/rarebooks\/wp-json\/wp\/v2\/types\/product"}],"version-history":[{"count":3,"href":"https:\/\/antiquariat-steinbach.com\/rarebooks\/wp-json\/wp\/v2\/product\/6087\/revisions"}],"predecessor-version":[{"id":21001,"href":"https:\/\/antiquariat-steinbach.com\/rarebooks\/wp-json\/wp\/v2\/product\/6087\/revisions\/21001"}],"wp:attachment":[{"href":"https:\/\/antiquariat-steinbach.com\/rarebooks\/wp-json\/wp\/v2\/media?parent=6087"}],"wp:term":[{"taxonomy":"product_brand","embeddable":true,"href":"https:\/\/antiquariat-steinbach.com\/rarebooks\/wp-json\/wp\/v2\/product_brand?post=6087"},{"taxonomy":"product_cat","embeddable":true,"href":"https:\/\/antiquariat-steinbach.com\/rarebooks\/wp-json\/wp\/v2\/product_cat?post=6087"},{"taxonomy":"product_tag","embeddable":true,"href":"https:\/\/antiquariat-steinbach.com\/rarebooks\/wp-json\/wp\/v2\/product_tag?post=6087"}],"curies":[{"name":"wp","href":"https:\/\/api.w.org\/{rel}","templated":true}]}}