{"id":6083,"date":"2026-03-12T00:18:09","date_gmt":"2026-03-11T23:18:09","guid":{"rendered":"http:\/\/antiquariat-steinbach.com\/rarebooks\/produkt\/un-imagier-romantique-celestin-nanteuil-peintre-aquafortiste-et-lithograph\/"},"modified":"2026-03-12T00:18:09","modified_gmt":"2026-03-11T23:18:09","slug":"nanteuil-marie-aristide-un-imagier-romantique-celestin-nanteuil-peintre-aquafortiste-et-lithograph","status":"publish","type":"product","link":"https:\/\/antiquariat-steinbach.com\/rarebooks\/produkt\/nanteuil-marie-aristide-un-imagier-romantique-celestin-nanteuil-peintre-aquafortiste-et-lithograph\/","title":{"rendered":"Nanteuil &#8211;   Marie, Aristide. &#8211;  Un imagier romantique C\u00e9lestin Nanteuil, Peintre, Aquafortiste et Lithograph."},"content":{"rendered":"<p>Paris, Carteret, 1910.<\/p>\n<p>28 : 20 cm. 3 leaves, 156 pages, 2 leaves, with 1 engraved portrait, 80 illustrations.  Original illustrated boards.<\/p>\n<p>90,00 EUR<\/p>\n","protected":false},"excerpt":{"rendered":"<p>One of 300 numbered copies. Nanteuil belonged to the circle of the romantics around Victor Hugo, Alexandre Dumas and others. &#8211;  Un Imagier Romantique, C\u00e9lestin Nanteuil , Peintre, Aquafortiste et lithographe.  Ouvrage sur C\u00e9lestin Nanteuil suivi d&#8217;une \u00e9tude bibliographique et d&#8217;un catalogue, orn\u00e9 d&#8217;un portrait grav\u00e9 a l&#8217;eau-forte et de 80 reproductions. 4 ff., 136 pp., 2 ff. d&#8217;achev\u00e9 d&#8217;imprimer et de gravure. Bel ouvrage \u00e0 tirage limit\u00e9,  sur fort papier v\u00e9lin. C\u00e9lestin Nanteuil, 1813-1873, fut l&#8217;ami de Victor Hugo et l&#8217;\u00e9l\u00e8ve d&#8217;Ingres et reste un des bons illustrateurs du XIX\u00e8me.<\/p>\n","protected":false},"featured_media":24723,"template":"","meta":[],"product_brand":[],"product_cat":[96,59,40,30,914],"product_tag":[],"class_list":{"0":"post-6083","1":"product","2":"type-product","3":"status-publish","4":"has-post-thumbnail","6":"product_cat-frankreich","7":"product_cat-kulturgeschichte","8":"product_cat-kuenstlermonographien","9":"product_cat-malerei","10":"product_cat-zvab","12":"first","13":"instock","14":"purchasable","15":"product-type-simple"},"_links":{"self":[{"href":"https:\/\/antiquariat-steinbach.com\/rarebooks\/wp-json\/wp\/v2\/product\/6083","targetHints":{"allow":["GET"]}}],"collection":[{"href":"https:\/\/antiquariat-steinbach.com\/rarebooks\/wp-json\/wp\/v2\/product"}],"about":[{"href":"https:\/\/antiquariat-steinbach.com\/rarebooks\/wp-json\/wp\/v2\/types\/product"}],"version-history":[{"count":4,"href":"https:\/\/antiquariat-steinbach.com\/rarebooks\/wp-json\/wp\/v2\/product\/6083\/revisions"}],"predecessor-version":[{"id":24722,"href":"https:\/\/antiquariat-steinbach.com\/rarebooks\/wp-json\/wp\/v2\/product\/6083\/revisions\/24722"}],"wp:featuredmedia":[{"embeddable":true,"href":"https:\/\/antiquariat-steinbach.com\/rarebooks\/wp-json\/wp\/v2\/media\/24723"}],"wp:attachment":[{"href":"https:\/\/antiquariat-steinbach.com\/rarebooks\/wp-json\/wp\/v2\/media?parent=6083"}],"wp:term":[{"taxonomy":"product_brand","embeddable":true,"href":"https:\/\/antiquariat-steinbach.com\/rarebooks\/wp-json\/wp\/v2\/product_brand?post=6083"},{"taxonomy":"product_cat","embeddable":true,"href":"https:\/\/antiquariat-steinbach.com\/rarebooks\/wp-json\/wp\/v2\/product_cat?post=6083"},{"taxonomy":"product_tag","embeddable":true,"href":"https:\/\/antiquariat-steinbach.com\/rarebooks\/wp-json\/wp\/v2\/product_tag?post=6083"}],"curies":[{"name":"wp","href":"https:\/\/api.w.org\/{rel}","templated":true}]}}