{"id":6073,"date":"2026-03-12T00:18:07","date_gmt":"2026-03-11T23:18:07","guid":{"rendered":"http:\/\/antiquariat-steinbach.com\/rarebooks\/produkt\/kurzgefasste-mythologie-oder-lehre-von-den-fabelhaften-goettern-halbgoettern-und-helden-des-altertums\/"},"modified":"2026-03-12T00:18:08","modified_gmt":"2026-03-11T23:18:08","slug":"mythology-ramler-karl-wilhelm-kurzgefasste-mythologie-oder-lehre-von-den-fabelhaften-goettern-halbgoettern-und-helden-des-altertums","status":"publish","type":"product","link":"https:\/\/antiquariat-steinbach.com\/rarebooks\/produkt\/mythology-ramler-karl-wilhelm-kurzgefasste-mythologie-oder-lehre-von-den-fabelhaften-goettern-halbgoettern-und-helden-des-altertums\/","title":{"rendered":"Mythology &#8211;   Ramler, Karl Wilhelm. &#8211;  Kurzgefa\u00dfte Mythologie oder Lehre von den fabelhaften G\u00f6ttern, Halbg\u00f6ttern und Helden des Altertums."},"content":{"rendered":"<p>Vienna and Prag, Haas, n.d.(ca. 1798).<\/p>\n<p>4th enlarged edition. 2 parts in 1 volume. 19 : 11 cm. Engraved title-page with vignette, 463 pages, 17 engraved plates. Half cloth binding, original spine with two mounted back lables.<\/p>\n<p>150,00 EUR<\/p>\n","protected":false},"excerpt":{"rendered":"<p>Introduction into the old greek mythology. the plates show the old greek gods like Jupiter, Europa, Apollo, Bacchus, Ceres, Mars, Merkur, Neptun and others. &#8211; Some pages a bit dirty, title-page with collectors stamp.<\/p>\n","protected":false},"featured_media":0,"template":"","meta":[],"product_brand":[],"product_cat":[457,59,368,914],"product_tag":[],"class_list":{"0":"post-6073","1":"product","2":"type-product","3":"status-publish","5":"product_cat-griechenland","6":"product_cat-kulturgeschichte","7":"product_cat-mythologie","8":"product_cat-zvab","10":"first","11":"instock","12":"purchasable","13":"product-type-simple"},"_links":{"self":[{"href":"https:\/\/antiquariat-steinbach.com\/rarebooks\/wp-json\/wp\/v2\/product\/6073","targetHints":{"allow":["GET"]}}],"collection":[{"href":"https:\/\/antiquariat-steinbach.com\/rarebooks\/wp-json\/wp\/v2\/product"}],"about":[{"href":"https:\/\/antiquariat-steinbach.com\/rarebooks\/wp-json\/wp\/v2\/types\/product"}],"version-history":[{"count":3,"href":"https:\/\/antiquariat-steinbach.com\/rarebooks\/wp-json\/wp\/v2\/product\/6073\/revisions"}],"predecessor-version":[{"id":20994,"href":"https:\/\/antiquariat-steinbach.com\/rarebooks\/wp-json\/wp\/v2\/product\/6073\/revisions\/20994"}],"wp:attachment":[{"href":"https:\/\/antiquariat-steinbach.com\/rarebooks\/wp-json\/wp\/v2\/media?parent=6073"}],"wp:term":[{"taxonomy":"product_brand","embeddable":true,"href":"https:\/\/antiquariat-steinbach.com\/rarebooks\/wp-json\/wp\/v2\/product_brand?post=6073"},{"taxonomy":"product_cat","embeddable":true,"href":"https:\/\/antiquariat-steinbach.com\/rarebooks\/wp-json\/wp\/v2\/product_cat?post=6073"},{"taxonomy":"product_tag","embeddable":true,"href":"https:\/\/antiquariat-steinbach.com\/rarebooks\/wp-json\/wp\/v2\/product_tag?post=6073"}],"curies":[{"name":"wp","href":"https:\/\/api.w.org\/{rel}","templated":true}]}}