{"id":5963,"date":"2026-03-12T00:16:56","date_gmt":"2026-03-11T23:16:56","guid":{"rendered":"http:\/\/antiquariat-steinbach.com\/rarebooks\/produkt\/bilder-bibel-fuer-die-katholische-jugend\/"},"modified":"2026-03-12T00:16:56","modified_gmt":"2026-03-11T23:16:56","slug":"muench-m-c-bilder-bibel-fuer-die-katholische-jugend","status":"publish","type":"product","link":"https:\/\/antiquariat-steinbach.com\/rarebooks\/produkt\/muench-m-c-bilder-bibel-fuer-die-katholische-jugend\/","title":{"rendered":"M\u00fcnch, M.C: &#8211;  Bilder-Bibel f\u00fcr die katholische Jugend."},"content":{"rendered":"<p>N\u00fcrnberg, Lotzbeck o.J. (1853).<\/p>\n<p>3. Auflage. 23,5 : 19 cm. XVI, 175 Seiten mit gestochenem Titel und 24 Stahlstichtafeln. Original-Leinenband mit R\u00fccken- und Deckel-Gold- und Blindpr\u00e4gung.<\/p>\n<p>380,00 EUR<\/p>\n","protected":false},"excerpt":{"rendered":"<p>Der Verfasser, der wohl zum Kreise um Christoph von Schmid geh\u00f6rte, m\u00f6chte mit seiner &#8222;Bem\u00fchung Manches zur heilsamen Belehrung und Veredelung kindlicher Gem\u00fcther beitragen&#8220;. Die sehr feinen Tafeln zeigen jeweils Szenen aus der Bibel, in der Mitte eine gr\u00f6\u00dfere Darstellung umgeben von mehreren kleineren Darstellungen. &#8211; Rechtes Gelenk sorgf\u00e4ltig restauriert, Vors\u00e4tze erneuert, sonst sehr sch\u00f6nes Exemplar.<\/p>\n","protected":false},"featured_media":0,"template":"","meta":[],"product_brand":[],"product_cat":[604,60,914],"product_tag":[],"class_list":{"0":"post-5963","1":"product","2":"type-product","3":"status-publish","5":"product_cat-bilderbibeln","6":"product_cat-kinderbuecher","7":"product_cat-zvab","9":"first","10":"instock","11":"purchasable","12":"product-type-simple"},"_links":{"self":[{"href":"https:\/\/antiquariat-steinbach.com\/rarebooks\/wp-json\/wp\/v2\/product\/5963","targetHints":{"allow":["GET"]}}],"collection":[{"href":"https:\/\/antiquariat-steinbach.com\/rarebooks\/wp-json\/wp\/v2\/product"}],"about":[{"href":"https:\/\/antiquariat-steinbach.com\/rarebooks\/wp-json\/wp\/v2\/types\/product"}],"version-history":[{"count":3,"href":"https:\/\/antiquariat-steinbach.com\/rarebooks\/wp-json\/wp\/v2\/product\/5963\/revisions"}],"predecessor-version":[{"id":20973,"href":"https:\/\/antiquariat-steinbach.com\/rarebooks\/wp-json\/wp\/v2\/product\/5963\/revisions\/20973"}],"wp:attachment":[{"href":"https:\/\/antiquariat-steinbach.com\/rarebooks\/wp-json\/wp\/v2\/media?parent=5963"}],"wp:term":[{"taxonomy":"product_brand","embeddable":true,"href":"https:\/\/antiquariat-steinbach.com\/rarebooks\/wp-json\/wp\/v2\/product_brand?post=5963"},{"taxonomy":"product_cat","embeddable":true,"href":"https:\/\/antiquariat-steinbach.com\/rarebooks\/wp-json\/wp\/v2\/product_cat?post=5963"},{"taxonomy":"product_tag","embeddable":true,"href":"https:\/\/antiquariat-steinbach.com\/rarebooks\/wp-json\/wp\/v2\/product_tag?post=5963"}],"curies":[{"name":"wp","href":"https:\/\/api.w.org\/{rel}","templated":true}]}}