{"id":595,"date":"2026-03-12T00:12:57","date_gmt":"2026-03-11T23:12:57","guid":{"rendered":"http:\/\/antiquariat-steinbach.com\/rarebooks\/produkt\/bauen-in-oesaterreich-die-fortfuehrung-einer-grossen-tradition-building-in-austria-carrying-on-a-great-tradition-larchitecture-en-autrioche-pour-suite-dune-grande-tradition\/"},"modified":"2026-03-12T00:12:59","modified_gmt":"2026-03-11T23:12:59","slug":"kraeftner-johann-bauen-in-oesterreich-die-fortfuehrung-einer-grossen-tradition-building-in-austria-carrying-on-a-great-tradition-larchitecture-en-autrioche-pour-suite-dune-grande-traditi","status":"publish","type":"product","link":"https:\/\/antiquariat-steinbach.com\/rarebooks\/produkt\/kraeftner-johann-bauen-in-oesterreich-die-fortfuehrung-einer-grossen-tradition-building-in-austria-carrying-on-a-great-tradition-larchitecture-en-autrioche-pour-suite-dune-grande-traditi\/","title":{"rendered":"Kr\u00e4ftner, Johann. &#8211;  Bauen in \u00d6sterreich, die Fortf\u00fchrung einer grossen Tradition &#8211; Building in Austria, carrying on a great tradition &#8211; L&#8217;Architecture en Autrioche, pour suite d&#8217;une grande tradition."},"content":{"rendered":"<p>Munich &#8211; Vienna, Brandst\u00e4tter, 1083.<\/p>\n<p>30 : 29,5 cm. 208 pages, 289 coloured illustrations after photographs by Georg Riha, 94 b\/w views and plans. Original cloth with coloured illustrated dust-jacket.<\/p>\n<p>30,00 EUR<\/p>\n","protected":false},"excerpt":{"rendered":"<p>Shows the tradition of architecture in Austria from the famous forrunners like Otto Wagner, Adolf Loos a.a. up to the 1980ties.<\/p>\n","protected":false},"featured_media":9682,"template":"","meta":[],"product_brand":[],"product_cat":[29,161,71,914],"product_tag":[],"class_list":{"0":"post-595","1":"product","2":"type-product","3":"status-publish","4":"has-post-thumbnail","6":"product_cat-20-jahrhundert","7":"product_cat-architekutr","8":"product_cat-austriaca","9":"product_cat-zvab","11":"first","12":"instock","13":"purchasable","14":"product-type-simple"},"_links":{"self":[{"href":"https:\/\/antiquariat-steinbach.com\/rarebooks\/wp-json\/wp\/v2\/product\/595","targetHints":{"allow":["GET"]}}],"collection":[{"href":"https:\/\/antiquariat-steinbach.com\/rarebooks\/wp-json\/wp\/v2\/product"}],"about":[{"href":"https:\/\/antiquariat-steinbach.com\/rarebooks\/wp-json\/wp\/v2\/types\/product"}],"version-history":[{"count":4,"href":"https:\/\/antiquariat-steinbach.com\/rarebooks\/wp-json\/wp\/v2\/product\/595\/revisions"}],"predecessor-version":[{"id":27814,"href":"https:\/\/antiquariat-steinbach.com\/rarebooks\/wp-json\/wp\/v2\/product\/595\/revisions\/27814"}],"wp:featuredmedia":[{"embeddable":true,"href":"https:\/\/antiquariat-steinbach.com\/rarebooks\/wp-json\/wp\/v2\/media\/9682"}],"wp:attachment":[{"href":"https:\/\/antiquariat-steinbach.com\/rarebooks\/wp-json\/wp\/v2\/media?parent=595"}],"wp:term":[{"taxonomy":"product_brand","embeddable":true,"href":"https:\/\/antiquariat-steinbach.com\/rarebooks\/wp-json\/wp\/v2\/product_brand?post=595"},{"taxonomy":"product_cat","embeddable":true,"href":"https:\/\/antiquariat-steinbach.com\/rarebooks\/wp-json\/wp\/v2\/product_cat?post=595"},{"taxonomy":"product_tag","embeddable":true,"href":"https:\/\/antiquariat-steinbach.com\/rarebooks\/wp-json\/wp\/v2\/product_tag?post=595"}],"curies":[{"name":"wp","href":"https:\/\/api.w.org\/{rel}","templated":true}]}}