{"id":5947,"date":"2026-03-12T00:16:53","date_gmt":"2026-03-11T23:16:53","guid":{"rendered":"http:\/\/antiquariat-steinbach.com\/rarebooks\/produkt\/der-rastadter-gesandten-mord-inaugural-dissertation-zur-erlangung-der-philosophischen-doctorwuerde-in-leipzig\/"},"modified":"2026-03-12T00:16:55","modified_gmt":"2026-03-11T23:16:55","slug":"mueller-georg-der-rastadter-gesandten-mord-inaugural-dissertation-zur-erlangung-der-philosophischen-doctorwuerde-in-leipzig","status":"publish","type":"product","link":"https:\/\/antiquariat-steinbach.com\/rarebooks\/produkt\/mueller-georg-der-rastadter-gesandten-mord-inaugural-dissertation-zur-erlangung-der-philosophischen-doctorwuerde-in-leipzig\/","title":{"rendered":"M\u00fcller, Georg. &#8211;  Der Rastadter Gesandten-Mord. Inaugural-Dissertation zur Erlangung der philosophischen Doctorw\u00fcrde in Leipzig."},"content":{"rendered":"<p>Leipzig, Sturm und Koppe, 1873.<\/p>\n<p>22,5 : 14 cm. 95 Seiten. Umschlag.<\/p>\n<p>60,00 EUR<\/p>\n","protected":false},"excerpt":{"rendered":"<p>Interessante Dissertation \u00fcber die Hintergr\u00fcnden des damals aufsehend erregenden Rastadter Gesandten Mordes. &#8211; Papierbedingt gebr\u00e4unt, Titelblatt mit Klebespuren.<\/p>\n","protected":false},"featured_media":0,"template":"","meta":[],"product_brand":[],"product_cat":[74,96,97,59,914],"product_tag":[],"class_list":{"0":"post-5947","1":"product","2":"type-product","3":"status-publish","5":"product_cat-deutschland","6":"product_cat-frankreich","7":"product_cat-geschichte","8":"product_cat-kulturgeschichte","9":"product_cat-zvab","11":"first","12":"instock","13":"purchasable","14":"product-type-simple"},"_links":{"self":[{"href":"https:\/\/antiquariat-steinbach.com\/rarebooks\/wp-json\/wp\/v2\/product\/5947","targetHints":{"allow":["GET"]}}],"collection":[{"href":"https:\/\/antiquariat-steinbach.com\/rarebooks\/wp-json\/wp\/v2\/product"}],"about":[{"href":"https:\/\/antiquariat-steinbach.com\/rarebooks\/wp-json\/wp\/v2\/types\/product"}],"version-history":[{"count":3,"href":"https:\/\/antiquariat-steinbach.com\/rarebooks\/wp-json\/wp\/v2\/product\/5947\/revisions"}],"predecessor-version":[{"id":20965,"href":"https:\/\/antiquariat-steinbach.com\/rarebooks\/wp-json\/wp\/v2\/product\/5947\/revisions\/20965"}],"wp:attachment":[{"href":"https:\/\/antiquariat-steinbach.com\/rarebooks\/wp-json\/wp\/v2\/media?parent=5947"}],"wp:term":[{"taxonomy":"product_brand","embeddable":true,"href":"https:\/\/antiquariat-steinbach.com\/rarebooks\/wp-json\/wp\/v2\/product_brand?post=5947"},{"taxonomy":"product_cat","embeddable":true,"href":"https:\/\/antiquariat-steinbach.com\/rarebooks\/wp-json\/wp\/v2\/product_cat?post=5947"},{"taxonomy":"product_tag","embeddable":true,"href":"https:\/\/antiquariat-steinbach.com\/rarebooks\/wp-json\/wp\/v2\/product_tag?post=5947"}],"curies":[{"name":"wp","href":"https:\/\/api.w.org\/{rel}","templated":true}]}}