{"id":5941,"date":"2026-03-12T00:16:53","date_gmt":"2026-03-11T23:16:53","guid":{"rendered":"http:\/\/antiquariat-steinbach.com\/rarebooks\/produkt\/sprachvergleichend-indo-germanische-ballade-ueber-die-wurzel-prd\/"},"modified":"2026-03-12T00:16:55","modified_gmt":"2026-03-11T23:16:55","slug":"mueller-dem-juengsten-max-sprachvergleichend-indo-germanische-ballade-ueber-die-wurzel-prd","status":"publish","type":"product","link":"https:\/\/antiquariat-steinbach.com\/rarebooks\/produkt\/mueller-dem-juengsten-max-sprachvergleichend-indo-germanische-ballade-ueber-die-wurzel-prd\/","title":{"rendered":"M\u00fcller dem J\u00fcngsten, Max: &#8211;  Sprachvergleichend Indo-germanische Ballade \u00fcber die Wurzel &#8218;prd&#8216;."},"content":{"rendered":"<p>Leipzig, Druck und Verlag des &#8222;Schalk&#8220; 1881.<\/p>\n<p>17 :11,5 cm. 47 Seiten Mit 12 ganzseitigen Holzschnitten und 1 Vignette. Typographisch bedruckte Original-Broschur.<\/p>\n<p>150,00 EUR<\/p>\n","protected":false},"excerpt":{"rendered":"<p>Skatologisches Curiosum. Mit vorangestelltem Motto von Hacob und Wilhelm Grimm. &#8211; Rechtes unteres Eck mit durchgehenden Braunfleck. &#8211; Hayn-Got. V, 195.<\/p>\n","protected":false},"featured_media":15128,"template":"","meta":[],"product_brand":[],"product_cat":[294,111,914],"product_tag":[],"class_list":{"0":"post-5941","1":"product","2":"type-product","3":"status-publish","4":"has-post-thumbnail","6":"product_cat-curiosa","7":"product_cat-varia","8":"product_cat-zvab","10":"first","11":"instock","12":"purchasable","13":"product-type-simple"},"_links":{"self":[{"href":"https:\/\/antiquariat-steinbach.com\/rarebooks\/wp-json\/wp\/v2\/product\/5941","targetHints":{"allow":["GET"]}}],"collection":[{"href":"https:\/\/antiquariat-steinbach.com\/rarebooks\/wp-json\/wp\/v2\/product"}],"about":[{"href":"https:\/\/antiquariat-steinbach.com\/rarebooks\/wp-json\/wp\/v2\/types\/product"}],"version-history":[{"count":3,"href":"https:\/\/antiquariat-steinbach.com\/rarebooks\/wp-json\/wp\/v2\/product\/5941\/revisions"}],"predecessor-version":[{"id":20962,"href":"https:\/\/antiquariat-steinbach.com\/rarebooks\/wp-json\/wp\/v2\/product\/5941\/revisions\/20962"}],"wp:featuredmedia":[{"embeddable":true,"href":"https:\/\/antiquariat-steinbach.com\/rarebooks\/wp-json\/wp\/v2\/media\/15128"}],"wp:attachment":[{"href":"https:\/\/antiquariat-steinbach.com\/rarebooks\/wp-json\/wp\/v2\/media?parent=5941"}],"wp:term":[{"taxonomy":"product_brand","embeddable":true,"href":"https:\/\/antiquariat-steinbach.com\/rarebooks\/wp-json\/wp\/v2\/product_brand?post=5941"},{"taxonomy":"product_cat","embeddable":true,"href":"https:\/\/antiquariat-steinbach.com\/rarebooks\/wp-json\/wp\/v2\/product_cat?post=5941"},{"taxonomy":"product_tag","embeddable":true,"href":"https:\/\/antiquariat-steinbach.com\/rarebooks\/wp-json\/wp\/v2\/product_tag?post=5941"}],"curies":[{"name":"wp","href":"https:\/\/api.w.org\/{rel}","templated":true}]}}