{"id":5939,"date":"2026-03-12T00:16:53","date_gmt":"2026-03-11T23:16:53","guid":{"rendered":"http:\/\/antiquariat-steinbach.com\/rarebooks\/produkt\/die-schildbuerger-fuer-jung-und-alt-wiedererzaehlt\/"},"modified":"2026-03-12T00:16:54","modified_gmt":"2026-03-11T23:16:54","slug":"mueller-schwab-gustav-die-schildbuerger-fuer-jung-und-alt-wiedererzaehlt","status":"publish","type":"product","link":"https:\/\/antiquariat-steinbach.com\/rarebooks\/produkt\/mueller-schwab-gustav-die-schildbuerger-fuer-jung-und-alt-wiedererzaehlt\/","title":{"rendered":"M\u00fcller &#8211;   Schwab, Gustav: &#8211;  Die Schildb\u00fcrger f\u00fcr Jung und Alt wiedererz\u00e4hlt."},"content":{"rendered":"<p>M\u00fcnchen, Dietrich o.J.<\/p>\n<p>27,5 : 21 cm. 51 Seiten mit 10 farbigen Original-Holzschnitten von Hans Alexander M\u00fcller. Original-Leinenband.<\/p>\n<p>70,00 EUR<\/p>\n","protected":false},"excerpt":{"rendered":"<p>Mit den h\u00fcbschen farbigen Holzschnitten von H.A. M\u00fcller auf B\u00fctten. &#8211; Kleinodien der Weltliteratur, Band 22.<\/p>\n","protected":false},"featured_media":0,"template":"","meta":[],"product_brand":[],"product_cat":[29,43,60,914],"product_tag":[],"class_list":{"0":"post-5939","1":"product","2":"type-product","3":"status-publish","5":"product_cat-20-jahrhundert","6":"product_cat-illustrierte-buecher","7":"product_cat-kinderbuecher","8":"product_cat-zvab","10":"first","11":"instock","12":"purchasable","13":"product-type-simple"},"_links":{"self":[{"href":"https:\/\/antiquariat-steinbach.com\/rarebooks\/wp-json\/wp\/v2\/product\/5939","targetHints":{"allow":["GET"]}}],"collection":[{"href":"https:\/\/antiquariat-steinbach.com\/rarebooks\/wp-json\/wp\/v2\/product"}],"about":[{"href":"https:\/\/antiquariat-steinbach.com\/rarebooks\/wp-json\/wp\/v2\/types\/product"}],"version-history":[{"count":3,"href":"https:\/\/antiquariat-steinbach.com\/rarebooks\/wp-json\/wp\/v2\/product\/5939\/revisions"}],"predecessor-version":[{"id":20961,"href":"https:\/\/antiquariat-steinbach.com\/rarebooks\/wp-json\/wp\/v2\/product\/5939\/revisions\/20961"}],"wp:attachment":[{"href":"https:\/\/antiquariat-steinbach.com\/rarebooks\/wp-json\/wp\/v2\/media?parent=5939"}],"wp:term":[{"taxonomy":"product_brand","embeddable":true,"href":"https:\/\/antiquariat-steinbach.com\/rarebooks\/wp-json\/wp\/v2\/product_brand?post=5939"},{"taxonomy":"product_cat","embeddable":true,"href":"https:\/\/antiquariat-steinbach.com\/rarebooks\/wp-json\/wp\/v2\/product_cat?post=5939"},{"taxonomy":"product_tag","embeddable":true,"href":"https:\/\/antiquariat-steinbach.com\/rarebooks\/wp-json\/wp\/v2\/product_tag?post=5939"}],"curies":[{"name":"wp","href":"https:\/\/api.w.org\/{rel}","templated":true}]}}