{"id":591,"date":"2026-03-12T00:00:33","date_gmt":"2026-03-11T23:00:33","guid":{"rendered":"http:\/\/antiquariat-steinbach.com\/rarebooks\/produkt\/werkstaetten-fuer-dekorative-malerei-2\/"},"modified":"2026-03-12T00:00:34","modified_gmt":"2026-03-11T23:00:34","slug":"architecture-jessen-paul-werkstaetten-fuer-dekorative-malerei","status":"publish","type":"product","link":"https:\/\/antiquariat-steinbach.com\/rarebooks\/produkt\/architecture-jessen-paul-werkstaetten-fuer-dekorative-malerei\/","title":{"rendered":"Architecture &#8211;   Jessen, Paul: &#8211;  Werkst\u00e4tten f\u00fcr dekorative Malerei."},"content":{"rendered":"<p>K\u00f6ln, o.J. (um 1922).<\/p>\n<p>44 : 31 cm. 29 Original-Entw\u00fcrfe Aquarelle und Pastelle von Paul Jessen. Original-Halbleinenmappe.<\/p>\n<p>1200,00 EUR<\/p>\n","protected":false},"excerpt":{"rendered":"<p>29 farbige Original-Aquarelle von Paul Jessen, Entw\u00fcrfe f\u00fcr verschiedene Innenr\u00e4ume, Treppenh\u00e4user, Eingangshallen und Tapeten. Die Aquarelle teilweise auf leichten Karton montiert, teils lose. Auf dem Vorderdeckel montiert 2 Blatt Werbeprospekt von Paul Jessen Werkst\u00e4tten f\u00fcr dekorative Malerei mit einem Verzeichniss der gr\u00f6\u00dferen Arbeiten die er durchf\u00fchrte u.a. f\u00fcr Prinz Johann von Arenberg, Herrn Dr. Bayer, Leverkusen, Bankier Deichmann, Hotel Kaiserhof, Essen etc.<\/p>\n","protected":false},"featured_media":9677,"template":"","meta":[],"product_brand":[],"product_cat":[48,159,914],"product_tag":[],"class_list":{"0":"post-591","1":"product","2":"type-product","3":"status-publish","4":"has-post-thumbnail","6":"product_cat-architektur","7":"product_cat-ornament","8":"product_cat-zvab","10":"first","11":"instock","12":"purchasable","13":"product-type-simple"},"_links":{"self":[{"href":"https:\/\/antiquariat-steinbach.com\/rarebooks\/wp-json\/wp\/v2\/product\/591","targetHints":{"allow":["GET"]}}],"collection":[{"href":"https:\/\/antiquariat-steinbach.com\/rarebooks\/wp-json\/wp\/v2\/product"}],"about":[{"href":"https:\/\/antiquariat-steinbach.com\/rarebooks\/wp-json\/wp\/v2\/types\/product"}],"version-history":[{"count":3,"href":"https:\/\/antiquariat-steinbach.com\/rarebooks\/wp-json\/wp\/v2\/product\/591\/revisions"}],"predecessor-version":[{"id":18445,"href":"https:\/\/antiquariat-steinbach.com\/rarebooks\/wp-json\/wp\/v2\/product\/591\/revisions\/18445"}],"wp:featuredmedia":[{"embeddable":true,"href":"https:\/\/antiquariat-steinbach.com\/rarebooks\/wp-json\/wp\/v2\/media\/9677"}],"wp:attachment":[{"href":"https:\/\/antiquariat-steinbach.com\/rarebooks\/wp-json\/wp\/v2\/media?parent=591"}],"wp:term":[{"taxonomy":"product_brand","embeddable":true,"href":"https:\/\/antiquariat-steinbach.com\/rarebooks\/wp-json\/wp\/v2\/product_brand?post=591"},{"taxonomy":"product_cat","embeddable":true,"href":"https:\/\/antiquariat-steinbach.com\/rarebooks\/wp-json\/wp\/v2\/product_cat?post=591"},{"taxonomy":"product_tag","embeddable":true,"href":"https:\/\/antiquariat-steinbach.com\/rarebooks\/wp-json\/wp\/v2\/product_tag?post=591"}],"curies":[{"name":"wp","href":"https:\/\/api.w.org\/{rel}","templated":true}]}}