{"id":5839,"date":"2026-03-12T00:16:45","date_gmt":"2026-03-11T23:16:45","guid":{"rendered":"http:\/\/antiquariat-steinbach.com\/rarebooks\/produkt\/moebel-und-einrichtungsgegenstaende\/"},"modified":"2026-03-12T00:16:46","modified_gmt":"2026-03-11T23:16:46","slug":"moebel-gichner-janos-moebel-und-einrichtungsgegenstaende","status":"publish","type":"product","link":"https:\/\/antiquariat-steinbach.com\/rarebooks\/produkt\/moebel-gichner-janos-moebel-und-einrichtungsgegenstaende\/","title":{"rendered":"M\u00f6bel &#8211;   Gichner, Janos: &#8211;  M\u00f6bel und Einrichtungsgegenst\u00e4nde."},"content":{"rendered":"<p>Budapest, 1914.<\/p>\n<p>31 : 23 cm. 130 Seiten mit hunderten von Abbildungen. Original-Umschlag.<\/p>\n<p>90,00 EUR<\/p>\n","protected":false},"excerpt":{"rendered":"<p>Der interessante Katalog zeigt Einrichtungsgegenst\u00e4nde vom Badezimmer bis zum Wohnzimmer, inklusive Teppiche, Gardinen, Garten- und B\u00fcrom\u00f6bel. Text ungarisch und deutsch.<\/p>\n","protected":false},"featured_media":27294,"template":"","meta":[],"product_brand":[],"product_cat":[174,232,914],"product_tag":[],"class_list":{"0":"post-5839","1":"product","2":"type-product","3":"status-publish","4":"has-post-thumbnail","6":"product_cat-firmenkataloge","7":"product_cat-moebel","8":"product_cat-zvab","10":"first","11":"instock","12":"purchasable","13":"product-type-simple"},"_links":{"self":[{"href":"https:\/\/antiquariat-steinbach.com\/rarebooks\/wp-json\/wp\/v2\/product\/5839","targetHints":{"allow":["GET"]}}],"collection":[{"href":"https:\/\/antiquariat-steinbach.com\/rarebooks\/wp-json\/wp\/v2\/product"}],"about":[{"href":"https:\/\/antiquariat-steinbach.com\/rarebooks\/wp-json\/wp\/v2\/types\/product"}],"version-history":[{"count":3,"href":"https:\/\/antiquariat-steinbach.com\/rarebooks\/wp-json\/wp\/v2\/product\/5839\/revisions"}],"predecessor-version":[{"id":20912,"href":"https:\/\/antiquariat-steinbach.com\/rarebooks\/wp-json\/wp\/v2\/product\/5839\/revisions\/20912"}],"wp:featuredmedia":[{"embeddable":true,"href":"https:\/\/antiquariat-steinbach.com\/rarebooks\/wp-json\/wp\/v2\/media\/27294"}],"wp:attachment":[{"href":"https:\/\/antiquariat-steinbach.com\/rarebooks\/wp-json\/wp\/v2\/media?parent=5839"}],"wp:term":[{"taxonomy":"product_brand","embeddable":true,"href":"https:\/\/antiquariat-steinbach.com\/rarebooks\/wp-json\/wp\/v2\/product_brand?post=5839"},{"taxonomy":"product_cat","embeddable":true,"href":"https:\/\/antiquariat-steinbach.com\/rarebooks\/wp-json\/wp\/v2\/product_cat?post=5839"},{"taxonomy":"product_tag","embeddable":true,"href":"https:\/\/antiquariat-steinbach.com\/rarebooks\/wp-json\/wp\/v2\/product_tag?post=5839"}],"curies":[{"name":"wp","href":"https:\/\/api.w.org\/{rel}","templated":true}]}}