{"id":5831,"date":"2026-03-12T00:16:45","date_gmt":"2026-03-11T23:16:45","guid":{"rendered":"http:\/\/antiquariat-steinbach.com\/rarebooks\/produkt\/der-franzoesische-farbenstich-des-xviii\/"},"modified":"2026-03-12T00:16:46","modified_gmt":"2026-03-11T23:16:46","slug":"model-julius-und-jaro-springer-der-franzoesische-farbenstich-des-xviii","status":"publish","type":"product","link":"https:\/\/antiquariat-steinbach.com\/rarebooks\/produkt\/model-julius-und-jaro-springer-der-franzoesische-farbenstich-des-xviii\/","title":{"rendered":"Model, Julius und, Jaro Springer: &#8211;  Der franz\u00f6sische Farbenstich des XVIII."},"content":{"rendered":"<p>Stuttgart und Berlin, Deutsche Verlagsanstalt (1912).<\/p>\n<p>34 : 25 cm. 70 Seiten, 50 Zwischenblatt 50 farbige Tafeln. Farbig illustrierter Leinenband, illustrierter Original-R\u00fccken aufgeklebt.<\/p>\n<p>120,00 EUR<\/p>\n","protected":false},"excerpt":{"rendered":"<p>Pr\u00e4chtiges Werk, das in erster Linie die Stiche der Sammlung Model wiedergibt und erkl\u00e4rt. Einschl\u00e4giges Standardwerk von dem herausragenden Fachmann seiner Zeit auf diesem Gebiet. Mit Erl\u00e4uterungen der Technik.<\/p>\n","protected":false},"featured_media":27483,"template":"","meta":[],"product_brand":[],"product_cat":[153,69,914],"product_tag":[],"class_list":{"0":"post-5831","1":"product","2":"type-product","3":"status-publish","4":"has-post-thumbnail","6":"product_cat-graphik","7":"product_cat-kunstgeschichte","8":"product_cat-zvab","10":"first","11":"instock","12":"purchasable","13":"product-type-simple"},"_links":{"self":[{"href":"https:\/\/antiquariat-steinbach.com\/rarebooks\/wp-json\/wp\/v2\/product\/5831","targetHints":{"allow":["GET"]}}],"collection":[{"href":"https:\/\/antiquariat-steinbach.com\/rarebooks\/wp-json\/wp\/v2\/product"}],"about":[{"href":"https:\/\/antiquariat-steinbach.com\/rarebooks\/wp-json\/wp\/v2\/types\/product"}],"version-history":[{"count":3,"href":"https:\/\/antiquariat-steinbach.com\/rarebooks\/wp-json\/wp\/v2\/product\/5831\/revisions"}],"predecessor-version":[{"id":20907,"href":"https:\/\/antiquariat-steinbach.com\/rarebooks\/wp-json\/wp\/v2\/product\/5831\/revisions\/20907"}],"wp:featuredmedia":[{"embeddable":true,"href":"https:\/\/antiquariat-steinbach.com\/rarebooks\/wp-json\/wp\/v2\/media\/27483"}],"wp:attachment":[{"href":"https:\/\/antiquariat-steinbach.com\/rarebooks\/wp-json\/wp\/v2\/media?parent=5831"}],"wp:term":[{"taxonomy":"product_brand","embeddable":true,"href":"https:\/\/antiquariat-steinbach.com\/rarebooks\/wp-json\/wp\/v2\/product_brand?post=5831"},{"taxonomy":"product_cat","embeddable":true,"href":"https:\/\/antiquariat-steinbach.com\/rarebooks\/wp-json\/wp\/v2\/product_cat?post=5831"},{"taxonomy":"product_tag","embeddable":true,"href":"https:\/\/antiquariat-steinbach.com\/rarebooks\/wp-json\/wp\/v2\/product_tag?post=5831"}],"curies":[{"name":"wp","href":"https:\/\/api.w.org\/{rel}","templated":true}]}}