{"id":5829,"date":"2026-03-12T00:16:43","date_gmt":"2026-03-11T23:16:43","guid":{"rendered":"http:\/\/antiquariat-steinbach.com\/rarebooks\/produkt\/mixed-double-cocktails-von-ernst-lechthaler-mit-likoerellen-von-udo-lindenberg\/"},"modified":"2026-03-12T00:16:44","modified_gmt":"2026-03-11T23:16:44","slug":"mixbuecher-lindenberg-udo-und-ernst-lechthaler-mixed-double-cocktails-von-ernst-lechthaler-mit-likoerellen-von-udo-lindenberg","status":"publish","type":"product","link":"https:\/\/antiquariat-steinbach.com\/rarebooks\/produkt\/mixbuecher-lindenberg-udo-und-ernst-lechthaler-mixed-double-cocktails-von-ernst-lechthaler-mit-likoerellen-von-udo-lindenberg\/","title":{"rendered":"Mixb\u00fccher &#8211;   Lindenberg, Udo und Ernst Lechthaler. &#8211;  Mixed double. Cocktails von Ernst Lechthaler mit Lik\u00f6rellen von Udo Lindenberg."},"content":{"rendered":"<p>M\u00fcnchen, Droemer Knaur, 1997.<\/p>\n<p>22,5 : 17,5 cm. 156 Seiten, 2 Blatt, mit vielen farbigen Illustrationen von Udo Lindenberg Farbig illustrierter Original Pappband.<\/p>\n<p>30,00 EUR<\/p>\n","protected":false},"excerpt":{"rendered":"<p>Mit Rezepten von phantastichen Drinks von Ernst Lechthaler, die wichtigsten Klassiker und Eigenkreationen von El Pacino bis Pankow Punch.<\/p>\n","protected":false},"featured_media":0,"template":"","meta":[],"product_brand":[],"product_cat":[58,80,43,409,914],"product_tag":[],"class_list":{"0":"post-5829","1":"product","2":"type-product","3":"status-publish","5":"product_cat-gastronomie","6":"product_cat-getraenke","7":"product_cat-illustrierte-buecher","8":"product_cat-mixbuecher","9":"product_cat-zvab","11":"first","12":"instock","13":"purchasable","14":"product-type-simple"},"_links":{"self":[{"href":"https:\/\/antiquariat-steinbach.com\/rarebooks\/wp-json\/wp\/v2\/product\/5829","targetHints":{"allow":["GET"]}}],"collection":[{"href":"https:\/\/antiquariat-steinbach.com\/rarebooks\/wp-json\/wp\/v2\/product"}],"about":[{"href":"https:\/\/antiquariat-steinbach.com\/rarebooks\/wp-json\/wp\/v2\/types\/product"}],"version-history":[{"count":4,"href":"https:\/\/antiquariat-steinbach.com\/rarebooks\/wp-json\/wp\/v2\/product\/5829\/revisions"}],"predecessor-version":[{"id":24699,"href":"https:\/\/antiquariat-steinbach.com\/rarebooks\/wp-json\/wp\/v2\/product\/5829\/revisions\/24699"}],"wp:attachment":[{"href":"https:\/\/antiquariat-steinbach.com\/rarebooks\/wp-json\/wp\/v2\/media?parent=5829"}],"wp:term":[{"taxonomy":"product_brand","embeddable":true,"href":"https:\/\/antiquariat-steinbach.com\/rarebooks\/wp-json\/wp\/v2\/product_brand?post=5829"},{"taxonomy":"product_cat","embeddable":true,"href":"https:\/\/antiquariat-steinbach.com\/rarebooks\/wp-json\/wp\/v2\/product_cat?post=5829"},{"taxonomy":"product_tag","embeddable":true,"href":"https:\/\/antiquariat-steinbach.com\/rarebooks\/wp-json\/wp\/v2\/product_tag?post=5829"}],"curies":[{"name":"wp","href":"https:\/\/api.w.org\/{rel}","templated":true}]}}