{"id":575,"date":"2026-03-12T00:00:30","date_gmt":"2026-03-11T23:00:30","guid":{"rendered":"http:\/\/antiquariat-steinbach.com\/rarebooks\/produkt\/geschichte-aragoniens-im-mittelalter\/"},"modified":"2026-03-12T00:00:33","modified_gmt":"2026-03-11T23:00:33","slug":"aragon-schmidt-ernst-alexander-geschichte-aragoniens-im-mittelalter","status":"publish","type":"product","link":"https:\/\/antiquariat-steinbach.com\/rarebooks\/produkt\/aragon-schmidt-ernst-alexander-geschichte-aragoniens-im-mittelalter\/","title":{"rendered":"Aragon &#8211;   Schmidt, Ernst Alexander: &#8211;  Geschichte Aragonien&#8217;s im Mittelalter."},"content":{"rendered":"<p>Leipzig, Brockhaus 1828.<\/p>\n<p>22 : 14 cm. VI p\u00e1ginas, 1 hoja, 479 p\u00e1ginas Media piel de \u00e9poca, lomo abundantemente dorado.<\/p>\n<p>160,00 EUR<\/p>\n","protected":false},"excerpt":{"rendered":"<p>Leipzig, Brockhaus 1828. 22 : 14 cm. VI p\u00e1ginas, 1 hoja, 479 p\u00e1ginas Media piel de \u00e9poca, lomo abundantemente dorado.&hellip;<\/p>\n","protected":false},"featured_media":9667,"template":"","meta":[],"product_brand":[],"product_cat":[97,155,148,914],"product_tag":[],"class_list":{"0":"post-575","1":"product","2":"type-product","3":"status-publish","4":"has-post-thumbnail","6":"product_cat-geschichte","7":"product_cat-m10","8":"product_cat-spanien","9":"product_cat-zvab","11":"first","12":"instock","13":"purchasable","14":"product-type-simple"},"_links":{"self":[{"href":"https:\/\/antiquariat-steinbach.com\/rarebooks\/wp-json\/wp\/v2\/product\/575","targetHints":{"allow":["GET"]}}],"collection":[{"href":"https:\/\/antiquariat-steinbach.com\/rarebooks\/wp-json\/wp\/v2\/product"}],"about":[{"href":"https:\/\/antiquariat-steinbach.com\/rarebooks\/wp-json\/wp\/v2\/types\/product"}],"version-history":[{"count":3,"href":"https:\/\/antiquariat-steinbach.com\/rarebooks\/wp-json\/wp\/v2\/product\/575\/revisions"}],"predecessor-version":[{"id":18438,"href":"https:\/\/antiquariat-steinbach.com\/rarebooks\/wp-json\/wp\/v2\/product\/575\/revisions\/18438"}],"wp:featuredmedia":[{"embeddable":true,"href":"https:\/\/antiquariat-steinbach.com\/rarebooks\/wp-json\/wp\/v2\/media\/9667"}],"wp:attachment":[{"href":"https:\/\/antiquariat-steinbach.com\/rarebooks\/wp-json\/wp\/v2\/media?parent=575"}],"wp:term":[{"taxonomy":"product_brand","embeddable":true,"href":"https:\/\/antiquariat-steinbach.com\/rarebooks\/wp-json\/wp\/v2\/product_brand?post=575"},{"taxonomy":"product_cat","embeddable":true,"href":"https:\/\/antiquariat-steinbach.com\/rarebooks\/wp-json\/wp\/v2\/product_cat?post=575"},{"taxonomy":"product_tag","embeddable":true,"href":"https:\/\/antiquariat-steinbach.com\/rarebooks\/wp-json\/wp\/v2\/product_tag?post=575"}],"curies":[{"name":"wp","href":"https:\/\/api.w.org\/{rel}","templated":true}]}}