{"id":573,"date":"2026-03-12T00:14:48","date_gmt":"2026-03-11T23:14:48","guid":{"rendered":"http:\/\/antiquariat-steinbach.com\/rarebooks\/produkt\/lenseigne-de-gersaint\/"},"modified":"2026-03-12T00:14:49","modified_gmt":"2026-03-11T23:14:49","slug":"litterature-aragon-lenseigne-de-gersaint","status":"publish","type":"product","link":"https:\/\/antiquariat-steinbach.com\/rarebooks\/produkt\/litterature-aragon-lenseigne-de-gersaint\/","title":{"rendered":"Litt\u00e9rature &#8211;   Aragon. &#8211;  LEnseigne de Gersaint."},"content":{"rendered":"<p>Neuchatel et Paris, Ides et calendes, 1946.<\/p>\n<p>23 : 16 cm. 50 pages, 5 plates after Watteau. Coloured illustrated wrappers.<\/p>\n<p>50,00 EUR<\/p>\n","protected":false},"excerpt":{"rendered":"<p>First edition &#8211; Numbered copy.- Ouvrage illustr\u00e9e d&#8217;un portrait de Watteau et de quatre fragments de l&#8217;Enseigne de Gersaint (peint par Watteau en 1720) reproduits en sanguine et tir\u00e9s en hors-texte. Edition originale du texte d&#8217;Aragon tir\u00e9e \u00e0 5160 exemplaires. Celui-ci, un des 5000 sur v\u00e9lin. Couverture illustr\u00e9e \u00e9galement en sanguine.<\/p>\n","protected":false},"featured_media":9665,"template":"","meta":[],"product_brand":[],"product_cat":[29,143,43,32,110,914],"product_tag":[],"class_list":{"0":"post-573","1":"product","2":"type-product","3":"status-publish","4":"has-post-thumbnail","6":"product_cat-20-jahrhundert","7":"product_cat-francais","8":"product_cat-illustrierte-buecher","9":"product_cat-literatur","10":"product_cat-theologie","11":"product_cat-zvab","13":"first","14":"instock","15":"purchasable","16":"product-type-simple"},"_links":{"self":[{"href":"https:\/\/antiquariat-steinbach.com\/rarebooks\/wp-json\/wp\/v2\/product\/573","targetHints":{"allow":["GET"]}}],"collection":[{"href":"https:\/\/antiquariat-steinbach.com\/rarebooks\/wp-json\/wp\/v2\/product"}],"about":[{"href":"https:\/\/antiquariat-steinbach.com\/rarebooks\/wp-json\/wp\/v2\/types\/product"}],"version-history":[{"count":4,"href":"https:\/\/antiquariat-steinbach.com\/rarebooks\/wp-json\/wp\/v2\/product\/573\/revisions"}],"predecessor-version":[{"id":24583,"href":"https:\/\/antiquariat-steinbach.com\/rarebooks\/wp-json\/wp\/v2\/product\/573\/revisions\/24583"}],"wp:featuredmedia":[{"embeddable":true,"href":"https:\/\/antiquariat-steinbach.com\/rarebooks\/wp-json\/wp\/v2\/media\/9665"}],"wp:attachment":[{"href":"https:\/\/antiquariat-steinbach.com\/rarebooks\/wp-json\/wp\/v2\/media?parent=573"}],"wp:term":[{"taxonomy":"product_brand","embeddable":true,"href":"https:\/\/antiquariat-steinbach.com\/rarebooks\/wp-json\/wp\/v2\/product_brand?post=573"},{"taxonomy":"product_cat","embeddable":true,"href":"https:\/\/antiquariat-steinbach.com\/rarebooks\/wp-json\/wp\/v2\/product_cat?post=573"},{"taxonomy":"product_tag","embeddable":true,"href":"https:\/\/antiquariat-steinbach.com\/rarebooks\/wp-json\/wp\/v2\/product_tag?post=573"}],"curies":[{"name":"wp","href":"https:\/\/api.w.org\/{rel}","templated":true}]}}