{"id":5721,"date":"2026-03-12T00:16:43","date_gmt":"2026-03-11T23:16:43","guid":{"rendered":"http:\/\/antiquariat-steinbach.com\/rarebooks\/produkt\/hektographiertes-vorlesungsmanuskript-ueber-zahlreiche-bereiche-des-heereswesens\/"},"modified":"2026-03-12T00:16:43","modified_gmt":"2026-03-11T23:16:43","slug":"militaria-hektographiertes-vorlesungsmanuskript-ueber-zahlreiche-bereiche-des-heereswesens","status":"publish","type":"product","link":"https:\/\/antiquariat-steinbach.com\/rarebooks\/produkt\/militaria-hektographiertes-vorlesungsmanuskript-ueber-zahlreiche-bereiche-des-heereswesens\/","title":{"rendered":"Militaria &#8211;   Hektographiertes Vorlesungsmanuskript \u00fcber zahlreiche Bereiche des Heereswesens"},"content":{"rendered":"<p>\u00d6sterreich Zweite H\u00e4lfte des 19. Jahrhunderts<\/p>\n<p>40 : 25,5 cm. 2 Blatt Inhaltverzeichnis, 126 Seiten (nummeriert 1 bis 126) 72 Seiten (nummeriert I bis LXXII) Pappband der Zeit.<\/p>\n<p>750,00 EUR<\/p>\n","protected":false},"excerpt":{"rendered":"<p>Das vorliegende Manuskript, das wohl als Unterlage f\u00fcr den Unterricht an einer Kadettenschule gedient haben mag und wohl ein Exzerpt aus einer der umfangreichen milit\u00e4rischen Schriften jener Zeit darstellen d\u00fcrfte, umfa\u00dft in zehn Vorlesungen (mit zusammen 141 Kapiteln und 5 Kapiteln Anhang) so ziemlich alle grundlegenden Bereiche des Milit\u00e4rwesens der zweiten H\u00e4lfte des 19. Jahrhunderts. Volst\u00e4ndig vorhanden sind die erste bis sechste Vorlesung auf 126 Seiten (in 97 Kapiteln) und die siebte bis zehnte Vorlesung (in 32 Kapiteln), in welch letzterer das Manuskript jedoch im 129 Kapitel &#8222;Zweck und Verhalten bei Uiberf\u00e4lle n&#8220; nach Seite LXXII (=72) abbricht.Gegen\u00fcber dem Inhaltverzeichn is fehlen die Seiten LXXIII-CVII (=73 bis (zumindest 107) mit zusammen 12 Kapiteln und 5 Kapiteln Anhang, in denen u.a. die &#8222;Hauptmomente der Geschichte der Reiterei&#8220; und die &#8222;Eintheilung der Geschichte der Reiterei in acht Hauptabschnitte&#8220; zu finden gewesen w\u00e4re. &#8211; Der weitaus umfangreichere erhaltene Teil jedoch behandelt in seinen zehn Vorlesungen und 129 Kapiteln: 1. Definition der Taktik. N\u00e4here Bezeichnung des Begriffes der Taktik. &#8211; 2. Die Atktik eine Wissenschaft. &#8211; 3. Formelle auch Elementare Taktik u.s.w. &#8211; Eine genaue Aufstellung der einzelnen Vorlesungen auf Wunsch. &#8211; Bindung stellenweise gelockert und an einer Stelle g\u00e4nzlich durchbrochen; an den R\u00e4ndern angestaubt und rechts oben die ersten Seiten mit ein paar Eselsohren. Der Text frisch und gut lesbar.<\/p>\n","protected":false},"featured_media":17298,"template":"","meta":[],"product_brand":[],"product_cat":[71,147,264,914],"product_tag":[],"class_list":{"0":"post-5721","1":"product","2":"type-product","3":"status-publish","4":"has-post-thumbnail","6":"product_cat-austriaca","7":"product_cat-manuskripte","8":"product_cat-militaria","9":"product_cat-zvab","11":"first","12":"instock","13":"purchasable","14":"product-type-simple"},"_links":{"self":[{"href":"https:\/\/antiquariat-steinbach.com\/rarebooks\/wp-json\/wp\/v2\/product\/5721","targetHints":{"allow":["GET"]}}],"collection":[{"href":"https:\/\/antiquariat-steinbach.com\/rarebooks\/wp-json\/wp\/v2\/product"}],"about":[{"href":"https:\/\/antiquariat-steinbach.com\/rarebooks\/wp-json\/wp\/v2\/types\/product"}],"version-history":[{"count":3,"href":"https:\/\/antiquariat-steinbach.com\/rarebooks\/wp-json\/wp\/v2\/product\/5721\/revisions"}],"predecessor-version":[{"id":20856,"href":"https:\/\/antiquariat-steinbach.com\/rarebooks\/wp-json\/wp\/v2\/product\/5721\/revisions\/20856"}],"wp:featuredmedia":[{"embeddable":true,"href":"https:\/\/antiquariat-steinbach.com\/rarebooks\/wp-json\/wp\/v2\/media\/17298"}],"wp:attachment":[{"href":"https:\/\/antiquariat-steinbach.com\/rarebooks\/wp-json\/wp\/v2\/media?parent=5721"}],"wp:term":[{"taxonomy":"product_brand","embeddable":true,"href":"https:\/\/antiquariat-steinbach.com\/rarebooks\/wp-json\/wp\/v2\/product_brand?post=5721"},{"taxonomy":"product_cat","embeddable":true,"href":"https:\/\/antiquariat-steinbach.com\/rarebooks\/wp-json\/wp\/v2\/product_cat?post=5721"},{"taxonomy":"product_tag","embeddable":true,"href":"https:\/\/antiquariat-steinbach.com\/rarebooks\/wp-json\/wp\/v2\/product_tag?post=5721"}],"curies":[{"name":"wp","href":"https:\/\/api.w.org\/{rel}","templated":true}]}}