{"id":5717,"date":"2026-03-12T00:16:41","date_gmt":"2026-03-11T23:16:41","guid":{"rendered":"http:\/\/antiquariat-steinbach.com\/rarebooks\/produkt\/militaer-schematismus-des-oesterreichischen-kaiserthumes\/"},"modified":"2026-03-12T00:16:42","modified_gmt":"2026-03-11T23:16:42","slug":"militaer-schematismus-des-oesterreichischen-kaiserthumes","status":"publish","type":"product","link":"https:\/\/antiquariat-steinbach.com\/rarebooks\/produkt\/militaer-schematismus-des-oesterreichischen-kaiserthumes\/","title":{"rendered":"Milit\u00e4r-Schematismus des \u00f6sterreichischen Kaiserthumes."},"content":{"rendered":"<p>Wien, K.K. Hof- und Staatsdruckerei, 1841<\/p>\n<p>19 : 13 cm. XVI, 566; 140; 32 Seiten. Umschlag der Zeit.<\/p>\n<p>60,00 EUR<\/p>\n","protected":false},"excerpt":{"rendered":"<p>Teils gebr\u00e4unt, Einband st\u00e4rker berieben, R\u00fccken besch\u00e4digt.<\/p>\n","protected":false},"featured_media":0,"template":"","meta":[],"product_brand":[],"product_cat":[71,264,914],"product_tag":[],"class_list":{"0":"post-5717","1":"product","2":"type-product","3":"status-publish","5":"product_cat-austriaca","6":"product_cat-militaria","7":"product_cat-zvab","9":"first","10":"instock","11":"purchasable","12":"product-type-simple"},"_links":{"self":[{"href":"https:\/\/antiquariat-steinbach.com\/rarebooks\/wp-json\/wp\/v2\/product\/5717","targetHints":{"allow":["GET"]}}],"collection":[{"href":"https:\/\/antiquariat-steinbach.com\/rarebooks\/wp-json\/wp\/v2\/product"}],"about":[{"href":"https:\/\/antiquariat-steinbach.com\/rarebooks\/wp-json\/wp\/v2\/types\/product"}],"version-history":[{"count":2,"href":"https:\/\/antiquariat-steinbach.com\/rarebooks\/wp-json\/wp\/v2\/product\/5717\/revisions"}],"predecessor-version":[{"id":12364,"href":"https:\/\/antiquariat-steinbach.com\/rarebooks\/wp-json\/wp\/v2\/product\/5717\/revisions\/12364"}],"wp:attachment":[{"href":"https:\/\/antiquariat-steinbach.com\/rarebooks\/wp-json\/wp\/v2\/media?parent=5717"}],"wp:term":[{"taxonomy":"product_brand","embeddable":true,"href":"https:\/\/antiquariat-steinbach.com\/rarebooks\/wp-json\/wp\/v2\/product_brand?post=5717"},{"taxonomy":"product_cat","embeddable":true,"href":"https:\/\/antiquariat-steinbach.com\/rarebooks\/wp-json\/wp\/v2\/product_cat?post=5717"},{"taxonomy":"product_tag","embeddable":true,"href":"https:\/\/antiquariat-steinbach.com\/rarebooks\/wp-json\/wp\/v2\/product_tag?post=5717"}],"curies":[{"name":"wp","href":"https:\/\/api.w.org\/{rel}","templated":true}]}}