{"id":5655,"date":"2026-03-12T00:16:36","date_gmt":"2026-03-11T23:16:36","guid":{"rendered":"http:\/\/antiquariat-steinbach.com\/rarebooks\/produkt\/maerklin-metallbaukasten\/"},"modified":"2026-03-12T00:16:36","modified_gmt":"2026-03-11T23:16:36","slug":"metallbaukasten-maerklin-maerklin-metallbaukasten","status":"publish","type":"product","link":"https:\/\/antiquariat-steinbach.com\/rarebooks\/produkt\/metallbaukasten-maerklin-maerklin-metallbaukasten\/","title":{"rendered":"Metallbaukasten &#8211;   M\u00e4rklin: &#8211;  M\u00e4rklin Metallbaukasten."},"content":{"rendered":"<p>G\u00f6ppingen, M\u00e4rklin o.J. um 1930.<\/p>\n<p>16,5 : 24,5 cm. 144 Seiten mit sehr vielen Abbildungen. Farbig illustrierter Original-Umschlag.<\/p>\n<p>60,00 EUR<\/p>\n","protected":false},"excerpt":{"rendered":"<p>Anleitungsbuch zu Metallbaukasten M\u00e4rklin Nr. 1 &#8211; 3. Enth\u00e4lt \u00fcber 400 lehrreiche, unterhaltende Bauvorlagen. Das ideale Konstruktionsspiel und interessante Lehrmittel f\u00fcr die denkende Jugend. Umschlagentwurf von Ludwig Hohlwein. &#8211; Umschlag etwas knittrig.<\/p>\n","protected":false},"featured_media":24676,"template":"","meta":[],"product_brand":[],"product_cat":[265,381,914],"product_tag":[],"class_list":{"0":"post-5655","1":"product","2":"type-product","3":"status-publish","4":"has-post-thumbnail","6":"product_cat-handarbeiten","7":"product_cat-spiele","8":"product_cat-zvab","10":"first","11":"instock","12":"purchasable","13":"product-type-simple"},"_links":{"self":[{"href":"https:\/\/antiquariat-steinbach.com\/rarebooks\/wp-json\/wp\/v2\/product\/5655","targetHints":{"allow":["GET"]}}],"collection":[{"href":"https:\/\/antiquariat-steinbach.com\/rarebooks\/wp-json\/wp\/v2\/product"}],"about":[{"href":"https:\/\/antiquariat-steinbach.com\/rarebooks\/wp-json\/wp\/v2\/types\/product"}],"version-history":[{"count":3,"href":"https:\/\/antiquariat-steinbach.com\/rarebooks\/wp-json\/wp\/v2\/product\/5655\/revisions"}],"predecessor-version":[{"id":20825,"href":"https:\/\/antiquariat-steinbach.com\/rarebooks\/wp-json\/wp\/v2\/product\/5655\/revisions\/20825"}],"wp:featuredmedia":[{"embeddable":true,"href":"https:\/\/antiquariat-steinbach.com\/rarebooks\/wp-json\/wp\/v2\/media\/24676"}],"wp:attachment":[{"href":"https:\/\/antiquariat-steinbach.com\/rarebooks\/wp-json\/wp\/v2\/media?parent=5655"}],"wp:term":[{"taxonomy":"product_brand","embeddable":true,"href":"https:\/\/antiquariat-steinbach.com\/rarebooks\/wp-json\/wp\/v2\/product_brand?post=5655"},{"taxonomy":"product_cat","embeddable":true,"href":"https:\/\/antiquariat-steinbach.com\/rarebooks\/wp-json\/wp\/v2\/product_cat?post=5655"},{"taxonomy":"product_tag","embeddable":true,"href":"https:\/\/antiquariat-steinbach.com\/rarebooks\/wp-json\/wp\/v2\/product_tag?post=5655"}],"curies":[{"name":"wp","href":"https:\/\/api.w.org\/{rel}","templated":true}]}}