{"id":5635,"date":"2026-03-12T00:16:32","date_gmt":"2026-03-11T23:16:32","guid":{"rendered":"http:\/\/antiquariat-steinbach.com\/rarebooks\/produkt\/sammlung-von-9-menuekarten\/"},"modified":"2026-03-12T00:16:33","modified_gmt":"2026-03-11T23:16:33","slug":"menueklarten-sammlung-von-7-menuekarten","status":"publish","type":"product","link":"https:\/\/antiquariat-steinbach.com\/rarebooks\/produkt\/menueklarten-sammlung-von-7-menuekarten\/","title":{"rendered":"Men\u00fcklarten &#8211;   Sammlung von 7 Men\u00fckarten."},"content":{"rendered":"<p>1876 &#8211; 1922.<\/p>\n<p>8 . 11 cm. &#8211; 20 : 14 cm. 9 Blatt teils mit Illustrationen<\/p>\n<p>60,00 EUR<\/p>\n","protected":false},"excerpt":{"rendered":"<p>Men\u00fc- Karte f\u00fcr General Conolly, 1876 &#8211; Menu 14. September 1884 &#8211; Hotel Bristol Wien Men\u00fc 1913 &#8211; Schokoladen-Bonbons-Desserts Victor Schmid &#8211; Abendkarte 1922 &#8211; Verm\u00e4hlungs-Feier Wotruba Hotel Bellvue 1922 &#8211; Abendtafel. Hotel Bellvue-Dresden 1922.<\/p>\n","protected":false},"featured_media":0,"template":"","meta":[],"product_brand":[],"product_cat":[58,59,194,914],"product_tag":[],"class_list":{"0":"post-5635","1":"product","2":"type-product","3":"status-publish","5":"product_cat-gastronomie","6":"product_cat-kulturgeschichte","7":"product_cat-menuekarten","8":"product_cat-zvab","10":"first","11":"instock","12":"purchasable","13":"product-type-simple"},"_links":{"self":[{"href":"https:\/\/antiquariat-steinbach.com\/rarebooks\/wp-json\/wp\/v2\/product\/5635","targetHints":{"allow":["GET"]}}],"collection":[{"href":"https:\/\/antiquariat-steinbach.com\/rarebooks\/wp-json\/wp\/v2\/product"}],"about":[{"href":"https:\/\/antiquariat-steinbach.com\/rarebooks\/wp-json\/wp\/v2\/types\/product"}],"version-history":[{"count":4,"href":"https:\/\/antiquariat-steinbach.com\/rarebooks\/wp-json\/wp\/v2\/product\/5635\/revisions"}],"predecessor-version":[{"id":20814,"href":"https:\/\/antiquariat-steinbach.com\/rarebooks\/wp-json\/wp\/v2\/product\/5635\/revisions\/20814"}],"wp:attachment":[{"href":"https:\/\/antiquariat-steinbach.com\/rarebooks\/wp-json\/wp\/v2\/media?parent=5635"}],"wp:term":[{"taxonomy":"product_brand","embeddable":true,"href":"https:\/\/antiquariat-steinbach.com\/rarebooks\/wp-json\/wp\/v2\/product_brand?post=5635"},{"taxonomy":"product_cat","embeddable":true,"href":"https:\/\/antiquariat-steinbach.com\/rarebooks\/wp-json\/wp\/v2\/product_cat?post=5635"},{"taxonomy":"product_tag","embeddable":true,"href":"https:\/\/antiquariat-steinbach.com\/rarebooks\/wp-json\/wp\/v2\/product_tag?post=5635"}],"curies":[{"name":"wp","href":"https:\/\/api.w.org\/{rel}","templated":true}]}}