{"id":5633,"date":"2026-03-12T00:16:32","date_gmt":"2026-03-11T23:16:32","guid":{"rendered":"http:\/\/antiquariat-steinbach.com\/rarebooks\/produkt\/sammlung-4-leeren-menuekarten\/"},"modified":"2026-03-12T00:16:33","modified_gmt":"2026-03-11T23:16:33","slug":"menuekarten-sammlung-4-leeren-menuekarten","status":"publish","type":"product","link":"https:\/\/antiquariat-steinbach.com\/rarebooks\/produkt\/menuekarten-sammlung-4-leeren-menuekarten\/","title":{"rendered":"Men\u00fckarten: &#8211;  Sammlung 4 leeren Men\u00fckarten."},"content":{"rendered":"<p>O.O. o.J.(ca.1907).<\/p>\n<p>16,5 : 9 bzw. 14,5 : 10,5 cm#. Teils farbig illustriert.<\/p>\n<p>60,00 EUR<\/p>\n","protected":false},"excerpt":{"rendered":"<p>Zwei Karten in ovalen Format mit Blumengirlanden umrahmt, in der Mitte Platz f\u00fcr das Men\u00fc, sowie zwei Karten im L\u00e4ngsformat oben in Gold, reiche verziert eingepr\u00e4gt Menu, darunter Platz f\u00fcr das Men\u00fc.<\/p>\n","protected":false},"featured_media":0,"template":"","meta":[],"product_brand":[],"product_cat":[58,194,914],"product_tag":[],"class_list":{"0":"post-5633","1":"product","2":"type-product","3":"status-publish","5":"product_cat-gastronomie","6":"product_cat-menuekarten","7":"product_cat-zvab","9":"first","10":"instock","11":"purchasable","12":"product-type-simple"},"_links":{"self":[{"href":"https:\/\/antiquariat-steinbach.com\/rarebooks\/wp-json\/wp\/v2\/product\/5633","targetHints":{"allow":["GET"]}}],"collection":[{"href":"https:\/\/antiquariat-steinbach.com\/rarebooks\/wp-json\/wp\/v2\/product"}],"about":[{"href":"https:\/\/antiquariat-steinbach.com\/rarebooks\/wp-json\/wp\/v2\/types\/product"}],"version-history":[{"count":3,"href":"https:\/\/antiquariat-steinbach.com\/rarebooks\/wp-json\/wp\/v2\/product\/5633\/revisions"}],"predecessor-version":[{"id":20813,"href":"https:\/\/antiquariat-steinbach.com\/rarebooks\/wp-json\/wp\/v2\/product\/5633\/revisions\/20813"}],"wp:attachment":[{"href":"https:\/\/antiquariat-steinbach.com\/rarebooks\/wp-json\/wp\/v2\/media?parent=5633"}],"wp:term":[{"taxonomy":"product_brand","embeddable":true,"href":"https:\/\/antiquariat-steinbach.com\/rarebooks\/wp-json\/wp\/v2\/product_brand?post=5633"},{"taxonomy":"product_cat","embeddable":true,"href":"https:\/\/antiquariat-steinbach.com\/rarebooks\/wp-json\/wp\/v2\/product_cat?post=5633"},{"taxonomy":"product_tag","embeddable":true,"href":"https:\/\/antiquariat-steinbach.com\/rarebooks\/wp-json\/wp\/v2\/product_tag?post=5633"}],"curies":[{"name":"wp","href":"https:\/\/api.w.org\/{rel}","templated":true}]}}