{"id":5625,"date":"2026-03-12T00:16:32","date_gmt":"2026-03-11T23:16:32","guid":{"rendered":"http:\/\/antiquariat-steinbach.com\/rarebooks\/produkt\/die-vergleichende-erdbeschreibung-oder-system-der-alten-und-neuen-erdbeschreibung-aller-voelker-und-zeiten\/"},"modified":"2026-03-12T00:16:33","modified_gmt":"2026-03-11T23:16:33","slug":"mentelle-e-die-vergleichende-erdbeschreibung-oder-system-der-alten-und-neuen-erdbeschreibung-aller-voelker-und-zeiten","status":"publish","type":"product","link":"https:\/\/antiquariat-steinbach.com\/rarebooks\/produkt\/mentelle-e-die-vergleichende-erdbeschreibung-oder-system-der-alten-und-neuen-erdbeschreibung-aller-voelker-und-zeiten\/","title":{"rendered":"Mentelle, (E.): &#8211;  Die vergleichende Erdbeschreibung oder System der alten und neuen Erdbeschreibung aller V\u00f6lker und Zeiten."},"content":{"rendered":"<p>Winterthur, Steiner 1791.<\/p>\n<p>Volume VI (de VII) 21 : 12,5 cm. XIV, 642 p\u00e1ginas Con 6 (4 coloreados) mapas grabades y plegadas. Piel de \u00e9poca, lomo abundantemente dorado, 2 tejuelos.<\/p>\n<p>450,00 EUR<\/p>\n","protected":false},"excerpt":{"rendered":"<p>Detallado descripci\u00f3n de las provincias de Espa\u00f1a. Primera edici\u00f3n en Aleman. Con un mapa del mundo, mapas de Espa\u00f1a (2) y Portugal, la Bahia de Cadiz y la Sierra Morena.<\/p>\n","protected":false},"featured_media":24671,"template":"","meta":[],"product_brand":[],"product_cat":[65,981,148,914],"product_tag":[],"class_list":{"0":"post-5625","1":"product","2":"type-product","3":"status-publish","4":"has-post-thumbnail","6":"product_cat-geographie","7":"product_cat-madrid-23","8":"product_cat-spanien","9":"product_cat-zvab","11":"first","12":"instock","13":"purchasable","14":"product-type-simple"},"_links":{"self":[{"href":"https:\/\/antiquariat-steinbach.com\/rarebooks\/wp-json\/wp\/v2\/product\/5625","targetHints":{"allow":["GET"]}}],"collection":[{"href":"https:\/\/antiquariat-steinbach.com\/rarebooks\/wp-json\/wp\/v2\/product"}],"about":[{"href":"https:\/\/antiquariat-steinbach.com\/rarebooks\/wp-json\/wp\/v2\/types\/product"}],"version-history":[{"count":4,"href":"https:\/\/antiquariat-steinbach.com\/rarebooks\/wp-json\/wp\/v2\/product\/5625\/revisions"}],"predecessor-version":[{"id":24670,"href":"https:\/\/antiquariat-steinbach.com\/rarebooks\/wp-json\/wp\/v2\/product\/5625\/revisions\/24670"}],"wp:featuredmedia":[{"embeddable":true,"href":"https:\/\/antiquariat-steinbach.com\/rarebooks\/wp-json\/wp\/v2\/media\/24671"}],"wp:attachment":[{"href":"https:\/\/antiquariat-steinbach.com\/rarebooks\/wp-json\/wp\/v2\/media?parent=5625"}],"wp:term":[{"taxonomy":"product_brand","embeddable":true,"href":"https:\/\/antiquariat-steinbach.com\/rarebooks\/wp-json\/wp\/v2\/product_brand?post=5625"},{"taxonomy":"product_cat","embeddable":true,"href":"https:\/\/antiquariat-steinbach.com\/rarebooks\/wp-json\/wp\/v2\/product_cat?post=5625"},{"taxonomy":"product_tag","embeddable":true,"href":"https:\/\/antiquariat-steinbach.com\/rarebooks\/wp-json\/wp\/v2\/product_tag?post=5625"}],"curies":[{"name":"wp","href":"https:\/\/api.w.org\/{rel}","templated":true}]}}