{"id":5611,"date":"2026-03-12T00:14:46","date_gmt":"2026-03-11T23:14:46","guid":{"rendered":"http:\/\/antiquariat-steinbach.com\/rarebooks\/produkt\/ueber-bodmern\/"},"modified":"2026-03-12T00:14:47","modified_gmt":"2026-03-11T23:14:47","slug":"literatur-meister-leonhard-ueber-bodmern","status":"publish","type":"product","link":"https:\/\/antiquariat-steinbach.com\/rarebooks\/produkt\/literatur-meister-leonhard-ueber-bodmern\/","title":{"rendered":"Literatur &#8211;   Meister, Leonhard: &#8211;  Ueber Bodmern."},"content":{"rendered":"<p>Z\u00fcrich, Orell, Ge\u00dfner, F\u00fc\u00dfli &#038; Co 1783.<\/p>\n<p>18 : 11,5 cm. 112 Seiten mit gestochener Titelvignette. Buntpapierumschlag der Zeit.<\/p>\n<p>280,00 EUR<\/p>\n","protected":false},"excerpt":{"rendered":"<p>Z\u00fcrich, Orell, Ge\u00dfner, F\u00fc\u00dfli &#038; Co 1783. 18 : 11,5 cm. 112 Seiten mit gestochener Titelvignette. Buntpapierumschlag der Zeit. 280,00&hellip;<\/p>\n","protected":false},"featured_media":15067,"template":"","meta":[],"product_brand":[],"product_cat":[100,32,103,914],"product_tag":[],"class_list":{"0":"post-5611","1":"product","2":"type-product","3":"status-publish","4":"has-post-thumbnail","6":"product_cat-helvetica","7":"product_cat-literatur","8":"product_cat-michael","9":"product_cat-zvab","11":"first","12":"instock","13":"purchasable","14":"product-type-simple"},"_links":{"self":[{"href":"https:\/\/antiquariat-steinbach.com\/rarebooks\/wp-json\/wp\/v2\/product\/5611","targetHints":{"allow":["GET"]}}],"collection":[{"href":"https:\/\/antiquariat-steinbach.com\/rarebooks\/wp-json\/wp\/v2\/product"}],"about":[{"href":"https:\/\/antiquariat-steinbach.com\/rarebooks\/wp-json\/wp\/v2\/types\/product"}],"version-history":[{"count":4,"href":"https:\/\/antiquariat-steinbach.com\/rarebooks\/wp-json\/wp\/v2\/product\/5611\/revisions"}],"predecessor-version":[{"id":23648,"href":"https:\/\/antiquariat-steinbach.com\/rarebooks\/wp-json\/wp\/v2\/product\/5611\/revisions\/23648"}],"wp:featuredmedia":[{"embeddable":true,"href":"https:\/\/antiquariat-steinbach.com\/rarebooks\/wp-json\/wp\/v2\/media\/15067"}],"wp:attachment":[{"href":"https:\/\/antiquariat-steinbach.com\/rarebooks\/wp-json\/wp\/v2\/media?parent=5611"}],"wp:term":[{"taxonomy":"product_brand","embeddable":true,"href":"https:\/\/antiquariat-steinbach.com\/rarebooks\/wp-json\/wp\/v2\/product_brand?post=5611"},{"taxonomy":"product_cat","embeddable":true,"href":"https:\/\/antiquariat-steinbach.com\/rarebooks\/wp-json\/wp\/v2\/product_cat?post=5611"},{"taxonomy":"product_tag","embeddable":true,"href":"https:\/\/antiquariat-steinbach.com\/rarebooks\/wp-json\/wp\/v2\/product_tag?post=5611"}],"curies":[{"name":"wp","href":"https:\/\/api.w.org\/{rel}","templated":true}]}}