{"id":5599,"date":"2026-03-12T00:16:30","date_gmt":"2026-03-11T23:16:30","guid":{"rendered":"http:\/\/antiquariat-steinbach.com\/rarebooks\/produkt\/marees-gesellschaft-fuenfte-reihe-der-drucke\/"},"modified":"2026-03-12T00:16:31","modified_gmt":"2026-03-11T23:16:31","slug":"meier-graefe-j-marees-gesellschaft-fuenfte-reihe-der-drucke","status":"publish","type":"product","link":"https:\/\/antiquariat-steinbach.com\/rarebooks\/produkt\/meier-graefe-j-marees-gesellschaft-fuenfte-reihe-der-drucke\/","title":{"rendered":"Meier-Graefe J. &#8211;  Mar\u00e9es Gesellschaft. F\u00fcnfte Reihe der Drucke."},"content":{"rendered":"<p>M\u00fcnchen. R. Piper und Co. 1921<\/p>\n<p>22,5 : 18cm. Original wrapper.<\/p>\n<p>45,00 EUR<\/p>\n","protected":false},"excerpt":{"rendered":"<p>26 Pages., with many illustrations., one original coloured woodcut by Otto Schubert. Original wrapper.<\/p>\n","protected":false},"featured_media":0,"template":"","meta":[],"product_brand":[],"product_cat":[365,140,914],"product_tag":[],"class_list":{"0":"post-5599","1":"product","2":"type-product","3":"status-publish","5":"product_cat-365","6":"product_cat-jhdt","7":"product_cat-zvab","9":"first","10":"instock","11":"purchasable","12":"product-type-simple"},"_links":{"self":[{"href":"https:\/\/antiquariat-steinbach.com\/rarebooks\/wp-json\/wp\/v2\/product\/5599","targetHints":{"allow":["GET"]}}],"collection":[{"href":"https:\/\/antiquariat-steinbach.com\/rarebooks\/wp-json\/wp\/v2\/product"}],"about":[{"href":"https:\/\/antiquariat-steinbach.com\/rarebooks\/wp-json\/wp\/v2\/types\/product"}],"version-history":[{"count":3,"href":"https:\/\/antiquariat-steinbach.com\/rarebooks\/wp-json\/wp\/v2\/product\/5599\/revisions"}],"predecessor-version":[{"id":20800,"href":"https:\/\/antiquariat-steinbach.com\/rarebooks\/wp-json\/wp\/v2\/product\/5599\/revisions\/20800"}],"wp:attachment":[{"href":"https:\/\/antiquariat-steinbach.com\/rarebooks\/wp-json\/wp\/v2\/media?parent=5599"}],"wp:term":[{"taxonomy":"product_brand","embeddable":true,"href":"https:\/\/antiquariat-steinbach.com\/rarebooks\/wp-json\/wp\/v2\/product_brand?post=5599"},{"taxonomy":"product_cat","embeddable":true,"href":"https:\/\/antiquariat-steinbach.com\/rarebooks\/wp-json\/wp\/v2\/product_cat?post=5599"},{"taxonomy":"product_tag","embeddable":true,"href":"https:\/\/antiquariat-steinbach.com\/rarebooks\/wp-json\/wp\/v2\/product_tag?post=5599"}],"curies":[{"name":"wp","href":"https:\/\/api.w.org\/{rel}","templated":true}]}}