{"id":559,"date":"2026-03-12T00:14:42","date_gmt":"2026-03-11T23:14:42","guid":{"rendered":"http:\/\/antiquariat-steinbach.com\/rarebooks\/produkt\/die-maerchen-des-steinklopferhanns\/"},"modified":"2026-03-12T00:14:42","modified_gmt":"2026-03-11T23:14:42","slug":"literatur-anzengruber-ludwig-die-maerchen-des-steinklopferhanns","status":"publish","type":"product","link":"https:\/\/antiquariat-steinbach.com\/rarebooks\/produkt\/literatur-anzengruber-ludwig-die-maerchen-des-steinklopferhanns\/","title":{"rendered":"Literatur &#8211;   Anzengruber, Ludwig: &#8211;  Die M\u00e4rchen des Steinklopferhanns."},"content":{"rendered":"<p>Wien, \u00d6sterreichische Staatsdruckerei 1920.<\/p>\n<p>30,5 : 23,5 cm. 63 Seiten Mit reichem Buchschmuck, Initialen Vorsatz und Einbandentwurf von Rudolf Junk. Farbig illustrierter Original-Pappband, illustrierter Original-Papp-Schuber.<\/p>\n<p>160,00 EUR<\/p>\n","protected":false},"excerpt":{"rendered":"<p>Eines von 200 numerierten Exemplaren der Vorzugsausgabe.Druckvermerk vom K\u00fcnstler signiert. Liebhaberausgaben der \u00f6sterreichischen Staatsdruckerei, Band 1. Auf B\u00fctten. -Rudolf Junk (1880 &#8211; 1943) studierte an der Akademie f\u00fcr Bildende Kunst unter Heinrich Lefler von 1903 &#8211; 1908, von 1902 &#8211; 1922 war er Mitglied des Hagenbundes. Er arbeitet f\u00fcr die \u00f6sterreichische Staatsdruckerei. &#8211; Exlibris auf vorderem Innendeckel, oberes Kapital des Pappschuber gering berieben, sonst sch\u00f6nes Exemplar.<\/p>\n","protected":false},"featured_media":16909,"template":"","meta":[],"product_brand":[],"product_cat":[29,43,32,914],"product_tag":[],"class_list":{"0":"post-559","1":"product","2":"type-product","3":"status-publish","4":"has-post-thumbnail","6":"product_cat-20-jahrhundert","7":"product_cat-illustrierte-buecher","8":"product_cat-literatur","9":"product_cat-zvab","11":"first","12":"instock","13":"purchasable","14":"product-type-simple"},"_links":{"self":[{"href":"https:\/\/antiquariat-steinbach.com\/rarebooks\/wp-json\/wp\/v2\/product\/559","targetHints":{"allow":["GET"]}}],"collection":[{"href":"https:\/\/antiquariat-steinbach.com\/rarebooks\/wp-json\/wp\/v2\/product"}],"about":[{"href":"https:\/\/antiquariat-steinbach.com\/rarebooks\/wp-json\/wp\/v2\/types\/product"}],"version-history":[{"count":6,"href":"https:\/\/antiquariat-steinbach.com\/rarebooks\/wp-json\/wp\/v2\/product\/559\/revisions"}],"predecessor-version":[{"id":28765,"href":"https:\/\/antiquariat-steinbach.com\/rarebooks\/wp-json\/wp\/v2\/product\/559\/revisions\/28765"}],"wp:featuredmedia":[{"embeddable":true,"href":"https:\/\/antiquariat-steinbach.com\/rarebooks\/wp-json\/wp\/v2\/media\/16909"}],"wp:attachment":[{"href":"https:\/\/antiquariat-steinbach.com\/rarebooks\/wp-json\/wp\/v2\/media?parent=559"}],"wp:term":[{"taxonomy":"product_brand","embeddable":true,"href":"https:\/\/antiquariat-steinbach.com\/rarebooks\/wp-json\/wp\/v2\/product_brand?post=559"},{"taxonomy":"product_cat","embeddable":true,"href":"https:\/\/antiquariat-steinbach.com\/rarebooks\/wp-json\/wp\/v2\/product_cat?post=559"},{"taxonomy":"product_tag","embeddable":true,"href":"https:\/\/antiquariat-steinbach.com\/rarebooks\/wp-json\/wp\/v2\/product_tag?post=559"}],"curies":[{"name":"wp","href":"https:\/\/api.w.org\/{rel}","templated":true}]}}