{"id":5485,"date":"2026-03-12T00:16:17","date_gmt":"2026-03-11T23:16:17","guid":{"rendered":"http:\/\/antiquariat-steinbach.com\/rarebooks\/produkt\/das-trocknen-und-die-trockner\/"},"modified":"2026-03-12T00:16:17","modified_gmt":"2026-03-11T23:16:17","slug":"marr-otto-das-trocknen-und-die-trockner","status":"publish","type":"product","link":"https:\/\/antiquariat-steinbach.com\/rarebooks\/produkt\/marr-otto-das-trocknen-und-die-trockner\/","title":{"rendered":"Marr, Otto: &#8211;  Das Trocknen und die Trockner."},"content":{"rendered":"<p>M\u00fcnchen und Berlin, Oldenburg 1910.<\/p>\n<p>22 : 14 cm. IX, 416 Seiten, 3 Blatt mit 215 Abbildungen. Original-Leinenband.<\/p>\n<p>30,00 EUR<\/p>\n","protected":false},"excerpt":{"rendered":"<p>Mit den einzelnen Abschnitten: Die W\u00e4rme, Erzeugung der W\u00e4rme, W\u00e4rme\u00fcbertragung und Fortleitung, das Trockengut, Trockner f\u00fcr landwirtschaftliche Produkte, Trockner f\u00fcr Baumaterialien, Trockner f\u00fcr Nahrungs- und Genussmittel u.v.m. &#8211; Oldenburgs Technische Handbibliothek, Bd. 14. &#8211; Gelenke etwas eingerissen.<\/p>\n","protected":false},"featured_media":0,"template":"","meta":[],"product_brand":[],"product_cat":[82,77,111,914],"product_tag":[],"class_list":{"0":"post-5485","1":"product","2":"type-product","3":"status-publish","5":"product_cat-naturwissenschaften","6":"product_cat-technik","7":"product_cat-varia","8":"product_cat-zvab","10":"first","11":"instock","12":"purchasable","13":"product-type-simple"},"_links":{"self":[{"href":"https:\/\/antiquariat-steinbach.com\/rarebooks\/wp-json\/wp\/v2\/product\/5485","targetHints":{"allow":["GET"]}}],"collection":[{"href":"https:\/\/antiquariat-steinbach.com\/rarebooks\/wp-json\/wp\/v2\/product"}],"about":[{"href":"https:\/\/antiquariat-steinbach.com\/rarebooks\/wp-json\/wp\/v2\/types\/product"}],"version-history":[{"count":3,"href":"https:\/\/antiquariat-steinbach.com\/rarebooks\/wp-json\/wp\/v2\/product\/5485\/revisions"}],"predecessor-version":[{"id":20743,"href":"https:\/\/antiquariat-steinbach.com\/rarebooks\/wp-json\/wp\/v2\/product\/5485\/revisions\/20743"}],"wp:attachment":[{"href":"https:\/\/antiquariat-steinbach.com\/rarebooks\/wp-json\/wp\/v2\/media?parent=5485"}],"wp:term":[{"taxonomy":"product_brand","embeddable":true,"href":"https:\/\/antiquariat-steinbach.com\/rarebooks\/wp-json\/wp\/v2\/product_brand?post=5485"},{"taxonomy":"product_cat","embeddable":true,"href":"https:\/\/antiquariat-steinbach.com\/rarebooks\/wp-json\/wp\/v2\/product_cat?post=5485"},{"taxonomy":"product_tag","embeddable":true,"href":"https:\/\/antiquariat-steinbach.com\/rarebooks\/wp-json\/wp\/v2\/product_tag?post=5485"}],"curies":[{"name":"wp","href":"https:\/\/api.w.org\/{rel}","templated":true}]}}