{"id":5479,"date":"2026-03-12T00:16:15","date_gmt":"2026-03-11T23:16:15","guid":{"rendered":"http:\/\/antiquariat-steinbach.com\/rarebooks\/produkt\/belisaire-nouvelle-edition-enrichie-de-nouvelles-remarques-et-de-tres-belles-figures-et-augmentee-de-lheureuse-famille-conte-moral-par-le-meme\/"},"modified":"2026-03-12T00:16:17","modified_gmt":"2026-03-11T23:16:17","slug":"marmontel-belisaire-nouvelle-edition-enrichie-de-nouvelles-remarques-et-de-tres-belles-figures-et-augmentee-de-lheureuse-famille-conte-moral-par-le-meme","status":"publish","type":"product","link":"https:\/\/antiquariat-steinbach.com\/rarebooks\/produkt\/marmontel-belisaire-nouvelle-edition-enrichie-de-nouvelles-remarques-et-de-tres-belles-figures-et-augmentee-de-lheureuse-famille-conte-moral-par-le-meme\/","title":{"rendered":"Marmontel. &#8211;  Belisaire. Nouvelle Edition, Enrichie de nouvelles remarques et de tr\u00e8s-belles figures, et augment\u00e9e de L&#8217;Heureuse Famille, Conte moral, par le m\u00e9me."},"content":{"rendered":"<p>Leipzig, Curius, 1767.<\/p>\n<p>17,5 : 11 cm. 4 leaves, 217 pages, 1 leaf, 4 engraved plates by Gravelot. Contemporary calf, spine richly gilt, back label.<\/p>\n<p>80,00 EUR<\/p>\n","protected":false},"excerpt":{"rendered":"<p>Edited shortly after the Paris original edition. &#8211; Binding rubbed.<\/p>\n","protected":false},"featured_media":15577,"template":"","meta":[],"product_brand":[],"product_cat":[143,59,32,187,914],"product_tag":[],"class_list":{"0":"post-5479","1":"product","2":"type-product","3":"status-publish","4":"has-post-thumbnail","6":"product_cat-francais","7":"product_cat-kulturgeschichte","8":"product_cat-literatur","9":"product_cat-philosophie","10":"product_cat-zvab","12":"first","13":"instock","14":"purchasable","15":"product-type-simple"},"_links":{"self":[{"href":"https:\/\/antiquariat-steinbach.com\/rarebooks\/wp-json\/wp\/v2\/product\/5479","targetHints":{"allow":["GET"]}}],"collection":[{"href":"https:\/\/antiquariat-steinbach.com\/rarebooks\/wp-json\/wp\/v2\/product"}],"about":[{"href":"https:\/\/antiquariat-steinbach.com\/rarebooks\/wp-json\/wp\/v2\/types\/product"}],"version-history":[{"count":3,"href":"https:\/\/antiquariat-steinbach.com\/rarebooks\/wp-json\/wp\/v2\/product\/5479\/revisions"}],"predecessor-version":[{"id":20741,"href":"https:\/\/antiquariat-steinbach.com\/rarebooks\/wp-json\/wp\/v2\/product\/5479\/revisions\/20741"}],"wp:featuredmedia":[{"embeddable":true,"href":"https:\/\/antiquariat-steinbach.com\/rarebooks\/wp-json\/wp\/v2\/media\/15577"}],"wp:attachment":[{"href":"https:\/\/antiquariat-steinbach.com\/rarebooks\/wp-json\/wp\/v2\/media?parent=5479"}],"wp:term":[{"taxonomy":"product_brand","embeddable":true,"href":"https:\/\/antiquariat-steinbach.com\/rarebooks\/wp-json\/wp\/v2\/product_brand?post=5479"},{"taxonomy":"product_cat","embeddable":true,"href":"https:\/\/antiquariat-steinbach.com\/rarebooks\/wp-json\/wp\/v2\/product_cat?post=5479"},{"taxonomy":"product_tag","embeddable":true,"href":"https:\/\/antiquariat-steinbach.com\/rarebooks\/wp-json\/wp\/v2\/product_tag?post=5479"}],"curies":[{"name":"wp","href":"https:\/\/api.w.org\/{rel}","templated":true}]}}