{"id":5475,"date":"2026-03-12T00:16:15","date_gmt":"2026-03-11T23:16:15","guid":{"rendered":"http:\/\/antiquariat-steinbach.com\/rarebooks\/produkt\/festzug-der-stadt-wien-den-27-april-1879\/"},"modified":"2026-03-12T00:16:16","modified_gmt":"2026-03-11T23:16:16","slug":"markart-stadlin-e-festzug-der-stadt-wien-den-27-april-1879","status":"publish","type":"product","link":"https:\/\/antiquariat-steinbach.com\/rarebooks\/produkt\/markart-stadlin-e-festzug-der-stadt-wien-den-27-april-1879\/","title":{"rendered":"Markart &#8211;   Stadlin, E. &#8211;  Festzug der Stadt Wien den 27. April 1879."},"content":{"rendered":"<p>Wien, Perles, 1880.<\/p>\n<p>16,5 : 51 cm. 18 (von 46) farbigen, lithographierten Tafeln.<\/p>\n<p>360,00 EUR<\/p>\n","protected":false},"excerpt":{"rendered":"<p>Huldigungsfestzug der Gewerbe zur Feier der Silbernen Hochzeit des Kaiserpares. Die k\u00fcnstlerischen Entw\u00fcrfe f\u00fcr den Festzug stammen von Hans Markart. &#8211; Vorhanden sind die folgenden Gewerbe: Handel, Fa\u00dfbinder (2x), Hafner-Genossenschaft, K\u00fcnstler-Genossenschaft I und II, Mechaniker Maschiknenbauer, oestr. Donau-Dampfschifffahrt, Kaffeefabriktion (2), Metallgewerbe, Wiener-Sch\u00fctzen, Buchdrucker &#8211; Buch u. Kunsthandel -Buchbinder,Erzgie\u00dfer-G\u00fcrtler-Bronzearbeiter und Graveure, Goldschmiede, Eisenbahn-Gruppe. &#8211; 2 Tafeln etws fleckig, sonst sch\u00f6n.<\/p>\n","protected":false},"featured_media":15576,"template":"","meta":[],"product_brand":[],"product_cat":[71,54,719,90,914],"product_tag":[],"class_list":{"0":"post-5475","1":"product","2":"type-product","3":"status-publish","4":"has-post-thumbnail","6":"product_cat-austriaca","7":"product_cat-eyewear","8":"product_cat-festlichkeiten","9":"product_cat-viennensia","10":"product_cat-zvab","12":"first","13":"instock","14":"purchasable","15":"product-type-simple"},"_links":{"self":[{"href":"https:\/\/antiquariat-steinbach.com\/rarebooks\/wp-json\/wp\/v2\/product\/5475","targetHints":{"allow":["GET"]}}],"collection":[{"href":"https:\/\/antiquariat-steinbach.com\/rarebooks\/wp-json\/wp\/v2\/product"}],"about":[{"href":"https:\/\/antiquariat-steinbach.com\/rarebooks\/wp-json\/wp\/v2\/types\/product"}],"version-history":[{"count":3,"href":"https:\/\/antiquariat-steinbach.com\/rarebooks\/wp-json\/wp\/v2\/product\/5475\/revisions"}],"predecessor-version":[{"id":20740,"href":"https:\/\/antiquariat-steinbach.com\/rarebooks\/wp-json\/wp\/v2\/product\/5475\/revisions\/20740"}],"wp:featuredmedia":[{"embeddable":true,"href":"https:\/\/antiquariat-steinbach.com\/rarebooks\/wp-json\/wp\/v2\/media\/15576"}],"wp:attachment":[{"href":"https:\/\/antiquariat-steinbach.com\/rarebooks\/wp-json\/wp\/v2\/media?parent=5475"}],"wp:term":[{"taxonomy":"product_brand","embeddable":true,"href":"https:\/\/antiquariat-steinbach.com\/rarebooks\/wp-json\/wp\/v2\/product_brand?post=5475"},{"taxonomy":"product_cat","embeddable":true,"href":"https:\/\/antiquariat-steinbach.com\/rarebooks\/wp-json\/wp\/v2\/product_cat?post=5475"},{"taxonomy":"product_tag","embeddable":true,"href":"https:\/\/antiquariat-steinbach.com\/rarebooks\/wp-json\/wp\/v2\/product_tag?post=5475"}],"curies":[{"name":"wp","href":"https:\/\/api.w.org\/{rel}","templated":true}]}}