{"id":5467,"date":"2026-03-12T00:16:15","date_gmt":"2026-03-11T23:16:15","guid":{"rendered":"http:\/\/antiquariat-steinbach.com\/rarebooks\/produkt\/das-buch-des-propheten-jona-in-der-uebertragung-von-martin-luther\/"},"modified":"2026-03-12T00:16:15","modified_gmt":"2026-03-11T23:16:15","slug":"marcks-luther-martin-das-buch-des-propheten-jona-in-der-uebertragung-von-martin-luther","status":"publish","type":"product","link":"https:\/\/antiquariat-steinbach.com\/rarebooks\/produkt\/marcks-luther-martin-das-buch-des-propheten-jona-in-der-uebertragung-von-martin-luther\/","title":{"rendered":"Marcks &#8211;   Luther, Martin: &#8211;  Das Buch des Propheten Jona in der \u00dcbertragung von Martin Luther."},"content":{"rendered":"<p>(Darmstadt, Technische Hochschule 1982).<\/p>\n<p>28,5 : 19 cm. 15 Seiten mit 9 Original-Holzschnitten von Gerhard Marcks. Original-Leinenband.<\/p>\n<p>280,00 EUR<\/p>\n","protected":false},"excerpt":{"rendered":"<p>Eines von 380 numerierten und von Brigitte Marcks signierten Exemplaren. Mit dem Nachla\u00dfstempel G. Marcks. In der Garamont-Antiqua gesetzt und auf handgesch\u00f6pftem Richad-de-Bas Papier gedruckt. Die Holzschnitte sind von den Originalst\u00f6cken abgezogen.<\/p>\n","protected":false},"featured_media":0,"template":"","meta":[],"product_brand":[],"product_cat":[29,43,914],"product_tag":[],"class_list":{"0":"post-5467","1":"product","2":"type-product","3":"status-publish","5":"product_cat-20-jahrhundert","6":"product_cat-illustrierte-buecher","7":"product_cat-zvab","9":"first","10":"instock","11":"purchasable","12":"product-type-simple"},"_links":{"self":[{"href":"https:\/\/antiquariat-steinbach.com\/rarebooks\/wp-json\/wp\/v2\/product\/5467","targetHints":{"allow":["GET"]}}],"collection":[{"href":"https:\/\/antiquariat-steinbach.com\/rarebooks\/wp-json\/wp\/v2\/product"}],"about":[{"href":"https:\/\/antiquariat-steinbach.com\/rarebooks\/wp-json\/wp\/v2\/types\/product"}],"version-history":[{"count":3,"href":"https:\/\/antiquariat-steinbach.com\/rarebooks\/wp-json\/wp\/v2\/product\/5467\/revisions"}],"predecessor-version":[{"id":20736,"href":"https:\/\/antiquariat-steinbach.com\/rarebooks\/wp-json\/wp\/v2\/product\/5467\/revisions\/20736"}],"wp:attachment":[{"href":"https:\/\/antiquariat-steinbach.com\/rarebooks\/wp-json\/wp\/v2\/media?parent=5467"}],"wp:term":[{"taxonomy":"product_brand","embeddable":true,"href":"https:\/\/antiquariat-steinbach.com\/rarebooks\/wp-json\/wp\/v2\/product_brand?post=5467"},{"taxonomy":"product_cat","embeddable":true,"href":"https:\/\/antiquariat-steinbach.com\/rarebooks\/wp-json\/wp\/v2\/product_cat?post=5467"},{"taxonomy":"product_tag","embeddable":true,"href":"https:\/\/antiquariat-steinbach.com\/rarebooks\/wp-json\/wp\/v2\/product_tag?post=5467"}],"curies":[{"name":"wp","href":"https:\/\/api.w.org\/{rel}","templated":true}]}}