{"id":5453,"date":"2026-03-12T00:16:11","date_gmt":"2026-03-11T23:16:11","guid":{"rendered":"http:\/\/antiquariat-steinbach.com\/rarebooks\/produkt\/manuel-de-conversation-pour-le-voyageur\/"},"modified":"2026-03-12T00:16:13","modified_gmt":"2026-03-11T23:16:13","slug":"manuel-de-conversation-pour-le-voyageur","status":"publish","type":"product","link":"https:\/\/antiquariat-steinbach.com\/rarebooks\/produkt\/manuel-de-conversation-pour-le-voyageur\/","title":{"rendered":"Manuel de Conversation pour le Voyageur."},"content":{"rendered":"<p>Leipzig, Baedeker o.J. (um 1870).<\/p>\n<p>\u00c9dition st\u00e9r\u00e9otyp\u00e9e. 16 : 11 cm. IX, 331 Seiten Original-Leinenband.<\/p>\n<p>140,00 EUR<\/p>\n","protected":false},"excerpt":{"rendered":"<p>Leipzig, Baedeker o.J. (um 1870). \u00c9dition st\u00e9r\u00e9otyp\u00e9e. 16 : 11 cm. IX, 331 Seiten Original-Leinenband. 140,00 EUR<\/p>\n","protected":false},"featured_media":0,"template":"","meta":[],"product_brand":[],"product_cat":[65,413,914],"product_tag":[],"class_list":{"0":"post-5453","1":"product","2":"type-product","3":"status-publish","5":"product_cat-geographie","6":"product_cat-woerterbuecher","7":"product_cat-zvab","9":"first","10":"instock","11":"purchasable","12":"product-type-simple"},"_links":{"self":[{"href":"https:\/\/antiquariat-steinbach.com\/rarebooks\/wp-json\/wp\/v2\/product\/5453","targetHints":{"allow":["GET"]}}],"collection":[{"href":"https:\/\/antiquariat-steinbach.com\/rarebooks\/wp-json\/wp\/v2\/product"}],"about":[{"href":"https:\/\/antiquariat-steinbach.com\/rarebooks\/wp-json\/wp\/v2\/types\/product"}],"version-history":[{"count":2,"href":"https:\/\/antiquariat-steinbach.com\/rarebooks\/wp-json\/wp\/v2\/product\/5453\/revisions"}],"predecessor-version":[{"id":12229,"href":"https:\/\/antiquariat-steinbach.com\/rarebooks\/wp-json\/wp\/v2\/product\/5453\/revisions\/12229"}],"wp:attachment":[{"href":"https:\/\/antiquariat-steinbach.com\/rarebooks\/wp-json\/wp\/v2\/media?parent=5453"}],"wp:term":[{"taxonomy":"product_brand","embeddable":true,"href":"https:\/\/antiquariat-steinbach.com\/rarebooks\/wp-json\/wp\/v2\/product_brand?post=5453"},{"taxonomy":"product_cat","embeddable":true,"href":"https:\/\/antiquariat-steinbach.com\/rarebooks\/wp-json\/wp\/v2\/product_cat?post=5453"},{"taxonomy":"product_tag","embeddable":true,"href":"https:\/\/antiquariat-steinbach.com\/rarebooks\/wp-json\/wp\/v2\/product_tag?post=5453"}],"curies":[{"name":"wp","href":"https:\/\/api.w.org\/{rel}","templated":true}]}}