{"id":541,"date":"2026-03-12T00:00:28","date_gmt":"2026-03-11T23:00:28","guid":{"rendered":"http:\/\/antiquariat-steinbach.com\/rarebooks\/produkt\/annee-galante-ou-etrenne-a-lamour\/"},"modified":"2026-03-12T00:00:29","modified_gmt":"2026-03-11T23:00:29","slug":"annee-galante-ou-etrenne-a-lamour","status":"publish","type":"product","link":"https:\/\/antiquariat-steinbach.com\/rarebooks\/produkt\/annee-galante-ou-etrenne-a-lamour\/","title":{"rendered":"Ann\u00e9e galante ou Etrenne a l&#8217;Amour."},"content":{"rendered":"<p>O.O, u.Dr 1775.<\/p>\n<p>23 : 18,5 cm. Gestochenes Titelkupfer und 12 erotische Monatskupfer. Moderner marmorierter Pappband.<\/p>\n<p>1800,00 EUR<\/p>\n","protected":false},"excerpt":{"rendered":"<p>Ces vignettes sont assez bien faites&#8230; (Gay-L. I, 227). F\u00fcr jeden Monat ein erotisches Kupfer darunter ein entsprechender Vers, ebenfalls gestochen, auf d\u00fcnnem Japan gedruckt. Sehr freie Darstellungen. Vorderer Innendeckel mit montiertem erotischem Kupfer &#8222;Quartier Bonne Nouvelle&#8220;. &#8211; Offensichtlich privat zusammengestelltes Exemplar, welches nur die Kupfer enth\u00e4lt. Laut Gay-L. erschienen noch 41 Blatt Text dazu, &#8222;&#8230;mais les contes eux-m\u00e8mes sont tr\u00e8s plats, et il n&#8217;pas un digne d&#8217;\u00e8tre conserv\u00e9&#8220; (Gay-L.). Dies scheint sich der Vorbesitzer zu Herzen genommen haben und hat nur die wichtigen graphischen Darstellungen die hier komplett vorhanden sind, zusammengebunden. Auch in dieser Form sehr selten.<\/p>\n","protected":false},"featured_media":0,"template":"","meta":[],"product_brand":[],"product_cat":[142,914],"product_tag":[],"class_list":{"0":"post-541","1":"product","2":"type-product","3":"status-publish","5":"product_cat-erotika","6":"product_cat-zvab","8":"first","9":"instock","10":"purchasable","11":"product-type-simple"},"_links":{"self":[{"href":"https:\/\/antiquariat-steinbach.com\/rarebooks\/wp-json\/wp\/v2\/product\/541","targetHints":{"allow":["GET"]}}],"collection":[{"href":"https:\/\/antiquariat-steinbach.com\/rarebooks\/wp-json\/wp\/v2\/product"}],"about":[{"href":"https:\/\/antiquariat-steinbach.com\/rarebooks\/wp-json\/wp\/v2\/types\/product"}],"version-history":[{"count":2,"href":"https:\/\/antiquariat-steinbach.com\/rarebooks\/wp-json\/wp\/v2\/product\/541\/revisions"}],"predecessor-version":[{"id":9648,"href":"https:\/\/antiquariat-steinbach.com\/rarebooks\/wp-json\/wp\/v2\/product\/541\/revisions\/9648"}],"wp:attachment":[{"href":"https:\/\/antiquariat-steinbach.com\/rarebooks\/wp-json\/wp\/v2\/media?parent=541"}],"wp:term":[{"taxonomy":"product_brand","embeddable":true,"href":"https:\/\/antiquariat-steinbach.com\/rarebooks\/wp-json\/wp\/v2\/product_brand?post=541"},{"taxonomy":"product_cat","embeddable":true,"href":"https:\/\/antiquariat-steinbach.com\/rarebooks\/wp-json\/wp\/v2\/product_cat?post=541"},{"taxonomy":"product_tag","embeddable":true,"href":"https:\/\/antiquariat-steinbach.com\/rarebooks\/wp-json\/wp\/v2\/product_tag?post=541"}],"curies":[{"name":"wp","href":"https:\/\/api.w.org\/{rel}","templated":true}]}}