{"id":5409,"date":"2026-03-12T00:16:06","date_gmt":"2026-03-11T23:16:06","guid":{"rendered":"http:\/\/antiquariat-steinbach.com\/rarebooks\/produkt\/in-seinem-verhaeltnisse-zu-den-wundern-des-christenthums\/"},"modified":"2026-03-12T00:16:08","modified_gmt":"2026-03-11T23:16:08","slug":"magnetismus-der-animalische-in-seinem-verhaeltnisse-zu-den-wundern-des-christenthums","status":"publish","type":"product","link":"https:\/\/antiquariat-steinbach.com\/rarebooks\/produkt\/magnetismus-der-animalische-in-seinem-verhaeltnisse-zu-den-wundern-des-christenthums\/","title":{"rendered":"Magnetismus, Der animalische: &#8211;  in seinem Verh\u00e4ltnisse zu den Wundern des Christenthums."},"content":{"rendered":"<p>Regensburg, Manz 1853.<\/p>\n<p>17 : 11 cm. 234 Seiten, 3 Blatt Umschlag.<\/p>\n<p>25,00 EUR<\/p>\n","protected":false},"excerpt":{"rendered":"<p>Enth\u00e4lt \u00fcber die Gefahren f\u00fcr die Gesundheit, Gefahren f\u00fcr die Moralit\u00e4t, Wirklichkeit der magnetischen Erscheinungen, Magnetismus und Wunder, Somnabulismus und Weissagungen etc. &#8211; Teilweise unaufgeschnitten.<\/p>\n","protected":false},"featured_media":24628,"template":"","meta":[],"product_brand":[],"product_cat":[429,179,110,914],"product_tag":[],"class_list":{"0":"post-5409","1":"product","2":"type-product","3":"status-publish","4":"has-post-thumbnail","6":"product_cat-magie","7":"product_cat-medizin","8":"product_cat-theologie","9":"product_cat-zvab","11":"first","12":"instock","13":"purchasable","14":"product-type-simple"},"_links":{"self":[{"href":"https:\/\/antiquariat-steinbach.com\/rarebooks\/wp-json\/wp\/v2\/product\/5409","targetHints":{"allow":["GET"]}}],"collection":[{"href":"https:\/\/antiquariat-steinbach.com\/rarebooks\/wp-json\/wp\/v2\/product"}],"about":[{"href":"https:\/\/antiquariat-steinbach.com\/rarebooks\/wp-json\/wp\/v2\/types\/product"}],"version-history":[{"count":4,"href":"https:\/\/antiquariat-steinbach.com\/rarebooks\/wp-json\/wp\/v2\/product\/5409\/revisions"}],"predecessor-version":[{"id":24627,"href":"https:\/\/antiquariat-steinbach.com\/rarebooks\/wp-json\/wp\/v2\/product\/5409\/revisions\/24627"}],"wp:featuredmedia":[{"embeddable":true,"href":"https:\/\/antiquariat-steinbach.com\/rarebooks\/wp-json\/wp\/v2\/media\/24628"}],"wp:attachment":[{"href":"https:\/\/antiquariat-steinbach.com\/rarebooks\/wp-json\/wp\/v2\/media?parent=5409"}],"wp:term":[{"taxonomy":"product_brand","embeddable":true,"href":"https:\/\/antiquariat-steinbach.com\/rarebooks\/wp-json\/wp\/v2\/product_brand?post=5409"},{"taxonomy":"product_cat","embeddable":true,"href":"https:\/\/antiquariat-steinbach.com\/rarebooks\/wp-json\/wp\/v2\/product_cat?post=5409"},{"taxonomy":"product_tag","embeddable":true,"href":"https:\/\/antiquariat-steinbach.com\/rarebooks\/wp-json\/wp\/v2\/product_tag?post=5409"}],"curies":[{"name":"wp","href":"https:\/\/api.w.org\/{rel}","templated":true}]}}