{"id":5403,"date":"2026-03-12T00:16:06","date_gmt":"2026-03-11T23:16:06","guid":{"rendered":"http:\/\/antiquariat-steinbach.com\/rarebooks\/produkt\/der-kunst-und-litteratur\/"},"modified":"2026-03-12T00:16:07","modified_gmt":"2026-03-11T23:16:07","slug":"magazin-der-kunst-und-litteratur","status":"publish","type":"product","link":"https:\/\/antiquariat-steinbach.com\/rarebooks\/produkt\/magazin-der-kunst-und-litteratur\/","title":{"rendered":"Magazin: &#8211;  der Kunst und Litteratur."},"content":{"rendered":"<p>Wien, Schmidt 1795.<\/p>\n<p>3. Jahrgang, Heft 1 -12. 18 : 11,5 cm. Typographisch bedruckte Original-Broschur.<\/p>\n<p>350,00 EUR<\/p>\n","protected":false},"excerpt":{"rendered":"<p>Seltene Zeitschrift die von 1793 bis 1797 erschien. Hier vorliegend der komplette 3. Jahrgang. Enth\u00e4lt u.a. &#8218;Ueber die Wahrsagerey und Strologie&#8216;, &#8218;Epistel an Herrn Buchh\u00e4ndler Nicolai&#8216;, &#8218;Alte und neue Zeugni\u00dfe des Herr Friedrich Nicolai&#8216;, &#8218;Spruch und Widerspruch, oder die Zeit kl\u00e4rt alles auf&#8216;, &#8218;Politisches Glaubensbekenntnis aus Mainz zu Ende des Jahres 1795&#8216; usw. &#8211; Vereinzelt gering fleckig; Einb\u00e4nde gering bestossen.<\/p>\n","protected":false},"featured_media":15035,"template":"","meta":[],"product_brand":[],"product_cat":[105,32,628,914],"product_tag":[],"class_list":{"0":"post-5403","1":"product","2":"type-product","3":"status-publish","4":"has-post-thumbnail","6":"product_cat-kunst","7":"product_cat-literatur","8":"product_cat-stu2011","9":"product_cat-zvab","11":"first","12":"instock","13":"purchasable","14":"product-type-simple"},"_links":{"self":[{"href":"https:\/\/antiquariat-steinbach.com\/rarebooks\/wp-json\/wp\/v2\/product\/5403","targetHints":{"allow":["GET"]}}],"collection":[{"href":"https:\/\/antiquariat-steinbach.com\/rarebooks\/wp-json\/wp\/v2\/product"}],"about":[{"href":"https:\/\/antiquariat-steinbach.com\/rarebooks\/wp-json\/wp\/v2\/types\/product"}],"version-history":[{"count":3,"href":"https:\/\/antiquariat-steinbach.com\/rarebooks\/wp-json\/wp\/v2\/product\/5403\/revisions"}],"predecessor-version":[{"id":20700,"href":"https:\/\/antiquariat-steinbach.com\/rarebooks\/wp-json\/wp\/v2\/product\/5403\/revisions\/20700"}],"wp:featuredmedia":[{"embeddable":true,"href":"https:\/\/antiquariat-steinbach.com\/rarebooks\/wp-json\/wp\/v2\/media\/15035"}],"wp:attachment":[{"href":"https:\/\/antiquariat-steinbach.com\/rarebooks\/wp-json\/wp\/v2\/media?parent=5403"}],"wp:term":[{"taxonomy":"product_brand","embeddable":true,"href":"https:\/\/antiquariat-steinbach.com\/rarebooks\/wp-json\/wp\/v2\/product_brand?post=5403"},{"taxonomy":"product_cat","embeddable":true,"href":"https:\/\/antiquariat-steinbach.com\/rarebooks\/wp-json\/wp\/v2\/product_cat?post=5403"},{"taxonomy":"product_tag","embeddable":true,"href":"https:\/\/antiquariat-steinbach.com\/rarebooks\/wp-json\/wp\/v2\/product_tag?post=5403"}],"curies":[{"name":"wp","href":"https:\/\/api.w.org\/{rel}","templated":true}]}}