{"id":5397,"date":"2026-03-12T00:16:04","date_gmt":"2026-03-11T23:16:04","guid":{"rendered":"http:\/\/antiquariat-steinbach.com\/rarebooks\/produkt\/memoires\/"},"modified":"2026-03-12T00:16:06","modified_gmt":"2026-03-11T23:16:06","slug":"made-up-volume-rohan-le-duc-de-marguerite-de-valois-cardinal-duc-de-richeloeiev-memoires","status":"publish","type":"product","link":"https:\/\/antiquariat-steinbach.com\/rarebooks\/produkt\/made-up-volume-rohan-le-duc-de-marguerite-de-valois-cardinal-duc-de-richeloeiev-memoires\/","title":{"rendered":"Made up volume &#8211;   Rohan, le Duc de; Marguerite de Valois; Cardinal Duc de Richel\u00f6iev. &#8211;  Memoires."},"content":{"rendered":"<p>(Paris) und Gouda, de Hoeve, 1611 &#8211; 1649.<\/p>\n<p>4 parts in 1 volume. 13 : 8 cm. Contemporary vellum.<\/p>\n<p>1200,00 EUR<\/p>\n","protected":false},"excerpt":{"rendered":"<p>1: Memoires de Monsieur le Duc de Rohan, Sur les Choses qui se sont pass\u00e9es en France, despues la mort de Henry IV, jusque au mois de Mars 1626. 229 pages. &#8211; 2: Veritable discourse De ce qui s&#8217;est pass\u00e9e en l&#8217;assembl\u00e9e politique des Eglises reform\u00e9es de France, tenue \u00e0 Saumur, par le permission du Roy L&#8217;an 1611. Servant de supplement aux memoires du Duc de Rohan. 135 pages. &#8211; 3: Marguerite de &#8218;Valois&#8216;. Memoires de la Reyne Marguerite. Derniere Edition plus correcte. Goude, Hoeve, 1649. 144 pages. &#8211; 4: Iovrnal de Monsieur le Cardinal duc de Richeliev, Qu&#8217;il a faict durant le grand Orage de la Court en l&#8217;Ann\u00e9e 1630 &#038; 1631. Tir\u00e9 de ces Mamoires qu&#8217;il a escrit de la main. Avec diverses autres pieces remarquables, qui sont arriv\u00e9e en son temps. 1648. 250 pages. &#8211; Rare, interesting made up volume.<\/p>\n","protected":false},"featured_media":15028,"template":"","meta":[],"product_brand":[],"product_cat":[96,97,59,110,914],"product_tag":[],"class_list":{"0":"post-5397","1":"product","2":"type-product","3":"status-publish","4":"has-post-thumbnail","6":"product_cat-frankreich","7":"product_cat-geschichte","8":"product_cat-kulturgeschichte","9":"product_cat-theologie","10":"product_cat-zvab","12":"first","13":"instock","14":"purchasable","15":"product-type-simple"},"_links":{"self":[{"href":"https:\/\/antiquariat-steinbach.com\/rarebooks\/wp-json\/wp\/v2\/product\/5397","targetHints":{"allow":["GET"]}}],"collection":[{"href":"https:\/\/antiquariat-steinbach.com\/rarebooks\/wp-json\/wp\/v2\/product"}],"about":[{"href":"https:\/\/antiquariat-steinbach.com\/rarebooks\/wp-json\/wp\/v2\/types\/product"}],"version-history":[{"count":4,"href":"https:\/\/antiquariat-steinbach.com\/rarebooks\/wp-json\/wp\/v2\/product\/5397\/revisions"}],"predecessor-version":[{"id":20697,"href":"https:\/\/antiquariat-steinbach.com\/rarebooks\/wp-json\/wp\/v2\/product\/5397\/revisions\/20697"}],"wp:featuredmedia":[{"embeddable":true,"href":"https:\/\/antiquariat-steinbach.com\/rarebooks\/wp-json\/wp\/v2\/media\/15028"}],"wp:attachment":[{"href":"https:\/\/antiquariat-steinbach.com\/rarebooks\/wp-json\/wp\/v2\/media?parent=5397"}],"wp:term":[{"taxonomy":"product_brand","embeddable":true,"href":"https:\/\/antiquariat-steinbach.com\/rarebooks\/wp-json\/wp\/v2\/product_brand?post=5397"},{"taxonomy":"product_cat","embeddable":true,"href":"https:\/\/antiquariat-steinbach.com\/rarebooks\/wp-json\/wp\/v2\/product_cat?post=5397"},{"taxonomy":"product_tag","embeddable":true,"href":"https:\/\/antiquariat-steinbach.com\/rarebooks\/wp-json\/wp\/v2\/product_tag?post=5397"}],"curies":[{"name":"wp","href":"https:\/\/api.w.org\/{rel}","templated":true}]}}