{"id":5395,"date":"2026-03-12T00:16:04","date_gmt":"2026-03-11T23:16:04","guid":{"rendered":"http:\/\/antiquariat-steinbach.com\/rarebooks\/produkt\/szalontay-es-toeroek-emeloegep-es-szerszamgyar-hebewinden-und-werkzeugfabrik\/"},"modified":"2026-03-12T00:16:05","modified_gmt":"2026-03-11T23:16:05","slug":"machines-szalontay-es-toeroek-emeloegep-es-szerszamgyar-hebewinden-und-werkzeugfabrik","status":"publish","type":"product","link":"https:\/\/antiquariat-steinbach.com\/rarebooks\/produkt\/machines-szalontay-es-toeroek-emeloegep-es-szerszamgyar-hebewinden-und-werkzeugfabrik\/","title":{"rendered":"Machines &#8211;   Szalontay \u00e9s T\u00f6r\u00f6k. Emel\u00f6g\u00e9p \u00e9s Szerszamgyar. &#8211; Hebewinden und Werkzeugfabrik."},"content":{"rendered":"<p>Budapest, 1905.<\/p>\n<p>23 : 15 cm. 32 Seiten mit vielen abbildungen. Illustrierter Original-Umschlag.<\/p>\n<p>45,00 EUR<\/p>\n","protected":false},"excerpt":{"rendered":"<p>Budapest, 1905. 23 : 15 cm. 32 Seiten mit vielen abbildungen. Illustrierter Original-Umschlag. 45,00 EUR<\/p>\n","protected":false},"featured_media":15027,"template":"","meta":[],"product_brand":[],"product_cat":[174,77,914],"product_tag":[],"class_list":{"0":"post-5395","1":"product","2":"type-product","3":"status-publish","4":"has-post-thumbnail","6":"product_cat-firmenkataloge","7":"product_cat-technik","8":"product_cat-zvab","10":"first","11":"instock","12":"purchasable","13":"product-type-simple"},"_links":{"self":[{"href":"https:\/\/antiquariat-steinbach.com\/rarebooks\/wp-json\/wp\/v2\/product\/5395","targetHints":{"allow":["GET"]}}],"collection":[{"href":"https:\/\/antiquariat-steinbach.com\/rarebooks\/wp-json\/wp\/v2\/product"}],"about":[{"href":"https:\/\/antiquariat-steinbach.com\/rarebooks\/wp-json\/wp\/v2\/types\/product"}],"version-history":[{"count":3,"href":"https:\/\/antiquariat-steinbach.com\/rarebooks\/wp-json\/wp\/v2\/product\/5395\/revisions"}],"predecessor-version":[{"id":20695,"href":"https:\/\/antiquariat-steinbach.com\/rarebooks\/wp-json\/wp\/v2\/product\/5395\/revisions\/20695"}],"wp:featuredmedia":[{"embeddable":true,"href":"https:\/\/antiquariat-steinbach.com\/rarebooks\/wp-json\/wp\/v2\/media\/15027"}],"wp:attachment":[{"href":"https:\/\/antiquariat-steinbach.com\/rarebooks\/wp-json\/wp\/v2\/media?parent=5395"}],"wp:term":[{"taxonomy":"product_brand","embeddable":true,"href":"https:\/\/antiquariat-steinbach.com\/rarebooks\/wp-json\/wp\/v2\/product_brand?post=5395"},{"taxonomy":"product_cat","embeddable":true,"href":"https:\/\/antiquariat-steinbach.com\/rarebooks\/wp-json\/wp\/v2\/product_cat?post=5395"},{"taxonomy":"product_tag","embeddable":true,"href":"https:\/\/antiquariat-steinbach.com\/rarebooks\/wp-json\/wp\/v2\/product_tag?post=5395"}],"curies":[{"name":"wp","href":"https:\/\/api.w.org\/{rel}","templated":true}]}}