{"id":539,"date":"2026-03-12T00:00:28","date_gmt":"2026-03-11T23:00:28","guid":{"rendered":"http:\/\/antiquariat-steinbach.com\/rarebooks\/produkt\/der-komoediant\/"},"modified":"2026-03-12T00:00:28","modified_gmt":"2026-03-11T23:00:28","slug":"andri-schoenherr-karl-der-komoediant","status":"publish","type":"product","link":"https:\/\/antiquariat-steinbach.com\/rarebooks\/produkt\/andri-schoenherr-karl-der-komoediant\/","title":{"rendered":"Andri &#8211;   Sch\u00f6nherr, Karl: &#8211;  Der Kom\u00f6diant."},"content":{"rendered":"<p>Wien, 1924.<\/p>\n<p>23,5 : 17 cm. 148 Seiten mit reichem Buchschmuck von Ferdinand Andri. Illustrierter Original-Pappband und farbig illustrierte Vors\u00e4tze von Andri.<\/p>\n<p>35,00 EUR<\/p>\n","protected":false},"excerpt":{"rendered":"<p>In kleiner numerierter Auflage erschienen. &#8211; Liebhaberausgaben der \u00d6sterreichischen Staatsdruckerei, Band 9. &#8211; R\u00fccken sorgf\u00e4ltig restauriert.<\/p>\n","protected":false},"featured_media":27356,"template":"","meta":[],"product_brand":[],"product_cat":[29,43,32,914],"product_tag":[],"class_list":{"0":"post-539","1":"product","2":"type-product","3":"status-publish","4":"has-post-thumbnail","6":"product_cat-20-jahrhundert","7":"product_cat-illustrierte-buecher","8":"product_cat-literatur","9":"product_cat-zvab","11":"first","12":"instock","13":"purchasable","14":"product-type-simple"},"_links":{"self":[{"href":"https:\/\/antiquariat-steinbach.com\/rarebooks\/wp-json\/wp\/v2\/product\/539","targetHints":{"allow":["GET"]}}],"collection":[{"href":"https:\/\/antiquariat-steinbach.com\/rarebooks\/wp-json\/wp\/v2\/product"}],"about":[{"href":"https:\/\/antiquariat-steinbach.com\/rarebooks\/wp-json\/wp\/v2\/types\/product"}],"version-history":[{"count":3,"href":"https:\/\/antiquariat-steinbach.com\/rarebooks\/wp-json\/wp\/v2\/product\/539\/revisions"}],"predecessor-version":[{"id":18417,"href":"https:\/\/antiquariat-steinbach.com\/rarebooks\/wp-json\/wp\/v2\/product\/539\/revisions\/18417"}],"wp:featuredmedia":[{"embeddable":true,"href":"https:\/\/antiquariat-steinbach.com\/rarebooks\/wp-json\/wp\/v2\/media\/27356"}],"wp:attachment":[{"href":"https:\/\/antiquariat-steinbach.com\/rarebooks\/wp-json\/wp\/v2\/media?parent=539"}],"wp:term":[{"taxonomy":"product_brand","embeddable":true,"href":"https:\/\/antiquariat-steinbach.com\/rarebooks\/wp-json\/wp\/v2\/product_brand?post=539"},{"taxonomy":"product_cat","embeddable":true,"href":"https:\/\/antiquariat-steinbach.com\/rarebooks\/wp-json\/wp\/v2\/product_cat?post=539"},{"taxonomy":"product_tag","embeddable":true,"href":"https:\/\/antiquariat-steinbach.com\/rarebooks\/wp-json\/wp\/v2\/product_tag?post=539"}],"curies":[{"name":"wp","href":"https:\/\/api.w.org\/{rel}","templated":true}]}}