{"id":5385,"date":"2026-03-12T00:16:02","date_gmt":"2026-03-11T23:16:02","guid":{"rendered":"http:\/\/antiquariat-steinbach.com\/rarebooks\/produkt\/geschmack-ist-erlernbar\/"},"modified":"2026-03-12T00:16:04","modified_gmt":"2026-03-11T23:16:04","slug":"lutz-artur-geschmack-ist-erlernbar","status":"publish","type":"product","link":"https:\/\/antiquariat-steinbach.com\/rarebooks\/produkt\/lutz-artur-geschmack-ist-erlernbar\/","title":{"rendered":"Lutz, Artur: &#8211;  Geschmack ist erlernbar."},"content":{"rendered":"<p>M\u00fcnchen, Verlag f\u00fcr Fachschrifttum (1956).<\/p>\n<p>30,5 : 22 cm. 304 Seiten Mit sehr vielen, teils farbigen, montierten Abbildungen. Original-Pappband.<\/p>\n<p>50,00 EUR<\/p>\n","protected":false},"excerpt":{"rendered":"<p>Kulturgeschichtlich hoch interessantes Werk \u00fcber den Stil und Geschmack der 50iger Jahre f\u00fcr die Einrichtung von H\u00e4usern und Wohnungen.<\/p>\n","protected":false},"featured_media":15024,"template":"","meta":[],"product_brand":[],"product_cat":[233,59,232,914],"product_tag":[],"class_list":{"0":"post-5385","1":"product","2":"type-product","3":"status-publish","4":"has-post-thumbnail","6":"product_cat-innenarchitektur","7":"product_cat-kulturgeschichte","8":"product_cat-moebel","9":"product_cat-zvab","11":"first","12":"instock","13":"purchasable","14":"product-type-simple"},"_links":{"self":[{"href":"https:\/\/antiquariat-steinbach.com\/rarebooks\/wp-json\/wp\/v2\/product\/5385","targetHints":{"allow":["GET"]}}],"collection":[{"href":"https:\/\/antiquariat-steinbach.com\/rarebooks\/wp-json\/wp\/v2\/product"}],"about":[{"href":"https:\/\/antiquariat-steinbach.com\/rarebooks\/wp-json\/wp\/v2\/types\/product"}],"version-history":[{"count":3,"href":"https:\/\/antiquariat-steinbach.com\/rarebooks\/wp-json\/wp\/v2\/product\/5385\/revisions"}],"predecessor-version":[{"id":20690,"href":"https:\/\/antiquariat-steinbach.com\/rarebooks\/wp-json\/wp\/v2\/product\/5385\/revisions\/20690"}],"wp:featuredmedia":[{"embeddable":true,"href":"https:\/\/antiquariat-steinbach.com\/rarebooks\/wp-json\/wp\/v2\/media\/15024"}],"wp:attachment":[{"href":"https:\/\/antiquariat-steinbach.com\/rarebooks\/wp-json\/wp\/v2\/media?parent=5385"}],"wp:term":[{"taxonomy":"product_brand","embeddable":true,"href":"https:\/\/antiquariat-steinbach.com\/rarebooks\/wp-json\/wp\/v2\/product_brand?post=5385"},{"taxonomy":"product_cat","embeddable":true,"href":"https:\/\/antiquariat-steinbach.com\/rarebooks\/wp-json\/wp\/v2\/product_cat?post=5385"},{"taxonomy":"product_tag","embeddable":true,"href":"https:\/\/antiquariat-steinbach.com\/rarebooks\/wp-json\/wp\/v2\/product_tag?post=5385"}],"curies":[{"name":"wp","href":"https:\/\/api.w.org\/{rel}","templated":true}]}}