{"id":5379,"date":"2026-03-12T00:24:37","date_gmt":"2026-03-11T23:24:37","guid":{"rendered":"http:\/\/antiquariat-steinbach.com\/rarebooks\/produkt\/orthodoxia-vapulans-sive-jo-georg-neumanni-mataeologia-in-cathedra-lutheri\/"},"modified":"2026-03-12T00:24:37","modified_gmt":"2026-03-11T23:24:37","slug":"theologie-lange-joachim-orthodoxia-vapulans-sive-jo-georg-neumanni-mataeologia-in-cathedra-lutheri","status":"publish","type":"product","link":"https:\/\/antiquariat-steinbach.com\/rarebooks\/produkt\/theologie-lange-joachim-orthodoxia-vapulans-sive-jo-georg-neumanni-mataeologia-in-cathedra-lutheri\/","title":{"rendered":"Theologie &#8211;   Lange, Joachim. &#8211;  Orthodoxia vapulans sive Jo. Georg. Neumanni&#8230;Mataeologia, in cathedra Lutheri."},"content":{"rendered":"<p>Wittenberg, 1690.<\/p>\n<p>19 : 16 cm. 24 pages. Half cloth from the 19th century.<\/p>\n<p>250,00 EUR<\/p>\n","protected":false},"excerpt":{"rendered":"<p>Der Pietismus ist eine seit der zweiten H\u00e4lfte des 17. Jahrhunderts in Erscheinung getretene Fr\u00f6mmigkeitsbewegung mit einem auf die christliche Spiritualit\u00e4t gesetzten Schwerpunkt und zugleich nach der Reformation die wichtigste Reformbewegung im kontinentaleurop\u00e4ischen Protestantismus. &#8211;  Text Latein und Deutsch. &#8211; VD17, 14:010200W<\/p>\n","protected":false},"featured_media":23158,"template":"","meta":[],"product_brand":[],"product_cat":[260,59,110,914],"product_tag":[],"class_list":{"0":"post-5379","1":"product","2":"type-product","3":"status-publish","4":"has-post-thumbnail","6":"product_cat-alte-drucke","7":"product_cat-kulturgeschichte","8":"product_cat-theologie","9":"product_cat-zvab","11":"first","12":"instock","13":"purchasable","14":"product-type-simple"},"_links":{"self":[{"href":"https:\/\/antiquariat-steinbach.com\/rarebooks\/wp-json\/wp\/v2\/product\/5379","targetHints":{"allow":["GET"]}}],"collection":[{"href":"https:\/\/antiquariat-steinbach.com\/rarebooks\/wp-json\/wp\/v2\/product"}],"about":[{"href":"https:\/\/antiquariat-steinbach.com\/rarebooks\/wp-json\/wp\/v2\/types\/product"}],"version-history":[{"count":5,"href":"https:\/\/antiquariat-steinbach.com\/rarebooks\/wp-json\/wp\/v2\/product\/5379\/revisions"}],"predecessor-version":[{"id":23784,"href":"https:\/\/antiquariat-steinbach.com\/rarebooks\/wp-json\/wp\/v2\/product\/5379\/revisions\/23784"}],"wp:featuredmedia":[{"embeddable":true,"href":"https:\/\/antiquariat-steinbach.com\/rarebooks\/wp-json\/wp\/v2\/media\/23158"}],"wp:attachment":[{"href":"https:\/\/antiquariat-steinbach.com\/rarebooks\/wp-json\/wp\/v2\/media?parent=5379"}],"wp:term":[{"taxonomy":"product_brand","embeddable":true,"href":"https:\/\/antiquariat-steinbach.com\/rarebooks\/wp-json\/wp\/v2\/product_brand?post=5379"},{"taxonomy":"product_cat","embeddable":true,"href":"https:\/\/antiquariat-steinbach.com\/rarebooks\/wp-json\/wp\/v2\/product_cat?post=5379"},{"taxonomy":"product_tag","embeddable":true,"href":"https:\/\/antiquariat-steinbach.com\/rarebooks\/wp-json\/wp\/v2\/product_tag?post=5379"}],"curies":[{"name":"wp","href":"https:\/\/api.w.org\/{rel}","templated":true}]}}