{"id":5365,"date":"2026-03-12T00:16:02","date_gmt":"2026-03-11T23:16:02","guid":{"rendered":"http:\/\/antiquariat-steinbach.com\/rarebooks\/produkt\/vollstaendige-naturgeschichte-der-saeugethiere\/"},"modified":"2026-03-12T00:16:02","modified_gmt":"2026-03-11T23:16:02","slug":"lueben-august-vollstaendige-naturgeschichte-der-saeugethiere","status":"publish","type":"product","link":"https:\/\/antiquariat-steinbach.com\/rarebooks\/produkt\/lueben-august-vollstaendige-naturgeschichte-der-saeugethiere\/","title":{"rendered":"L\u00fcben, August. &#8211;  Vollst\u00e4ndige Naturgeschichte der S\u00e4ugethiere."},"content":{"rendered":"<p>Eilenburg, Schreiber, 1848<\/p>\n<p>VIII Seiten, 1 Blatt, 935 Seiten, mit vielen Abbildungen auf 138 Tafeln. Halblenenband der Zeit.<\/p>\n<p>380,00 EUR<\/p>\n","protected":false},"excerpt":{"rendered":"<p>Etwas fleckig; Einband berieben, rechtes Gelenk angeplatzt. &#8211; Nissen 2590.<\/p>\n","protected":false},"featured_media":0,"template":"","meta":[],"product_brand":[],"product_cat":[98,914],"product_tag":[],"class_list":{"0":"post-5365","1":"product","2":"type-product","3":"status-publish","5":"product_cat-zoologie","6":"product_cat-zvab","8":"first","9":"instock","10":"purchasable","11":"product-type-simple"},"_links":{"self":[{"href":"https:\/\/antiquariat-steinbach.com\/rarebooks\/wp-json\/wp\/v2\/product\/5365","targetHints":{"allow":["GET"]}}],"collection":[{"href":"https:\/\/antiquariat-steinbach.com\/rarebooks\/wp-json\/wp\/v2\/product"}],"about":[{"href":"https:\/\/antiquariat-steinbach.com\/rarebooks\/wp-json\/wp\/v2\/types\/product"}],"version-history":[{"count":3,"href":"https:\/\/antiquariat-steinbach.com\/rarebooks\/wp-json\/wp\/v2\/product\/5365\/revisions"}],"predecessor-version":[{"id":20681,"href":"https:\/\/antiquariat-steinbach.com\/rarebooks\/wp-json\/wp\/v2\/product\/5365\/revisions\/20681"}],"wp:attachment":[{"href":"https:\/\/antiquariat-steinbach.com\/rarebooks\/wp-json\/wp\/v2\/media?parent=5365"}],"wp:term":[{"taxonomy":"product_brand","embeddable":true,"href":"https:\/\/antiquariat-steinbach.com\/rarebooks\/wp-json\/wp\/v2\/product_brand?post=5365"},{"taxonomy":"product_cat","embeddable":true,"href":"https:\/\/antiquariat-steinbach.com\/rarebooks\/wp-json\/wp\/v2\/product_cat?post=5365"},{"taxonomy":"product_tag","embeddable":true,"href":"https:\/\/antiquariat-steinbach.com\/rarebooks\/wp-json\/wp\/v2\/product_tag?post=5365"}],"curies":[{"name":"wp","href":"https:\/\/api.w.org\/{rel}","templated":true}]}}