{"id":5299,"date":"2026-03-12T00:14:57","date_gmt":"2026-03-11T23:14:57","guid":{"rendered":"http:\/\/antiquariat-steinbach.com\/rarebooks\/produkt\/herr-halewijn-eine-flaemische-maere\/"},"modified":"2026-03-12T00:14:57","modified_gmt":"2026-03-11T23:14:57","slug":"loewen-coster-charles-de-herr-halewijn-eine-flaemische-maere","status":"publish","type":"product","link":"https:\/\/antiquariat-steinbach.com\/rarebooks\/produkt\/loewen-coster-charles-de-herr-halewijn-eine-flaemische-maere\/","title":{"rendered":"L\u00f6wen &#8211;   Coster, Charles de: &#8211;  Herr Halewijn. Eine fl\u00e4mische M\u00e4re."},"content":{"rendered":"<p>Wien und Leipzigm Thyrsos, 1924.<\/p>\n<p>22 : 16 cm. 95 Seiten mit 36 farbigen Tafeln und Illustrationen von Fritz L\u00f6wen Farbig illustrierter Original-Halbleinenband.<\/p>\n<p>10,00 EUR<\/p>\n","protected":false},"excerpt":{"rendered":"<p>Wien und Leipzigm Thyrsos, 1924. 22 : 16 cm. 95 Seiten mit 36 farbigen Tafeln und Illustrationen von Fritz L\u00f6wen&hellip;<\/p>\n","protected":false},"featured_media":18009,"template":"","meta":[],"product_brand":[],"product_cat":[29,43,32,914],"product_tag":[],"class_list":{"0":"post-5299","1":"product","2":"type-product","3":"status-publish","4":"has-post-thumbnail","6":"product_cat-20-jahrhundert","7":"product_cat-illustrierte-buecher","8":"product_cat-literatur","9":"product_cat-zvab","11":"first","12":"instock","13":"purchasable","14":"product-type-simple"},"_links":{"self":[{"href":"https:\/\/antiquariat-steinbach.com\/rarebooks\/wp-json\/wp\/v2\/product\/5299","targetHints":{"allow":["GET"]}}],"collection":[{"href":"https:\/\/antiquariat-steinbach.com\/rarebooks\/wp-json\/wp\/v2\/product"}],"about":[{"href":"https:\/\/antiquariat-steinbach.com\/rarebooks\/wp-json\/wp\/v2\/types\/product"}],"version-history":[{"count":4,"href":"https:\/\/antiquariat-steinbach.com\/rarebooks\/wp-json\/wp\/v2\/product\/5299\/revisions"}],"predecessor-version":[{"id":20651,"href":"https:\/\/antiquariat-steinbach.com\/rarebooks\/wp-json\/wp\/v2\/product\/5299\/revisions\/20651"}],"wp:featuredmedia":[{"embeddable":true,"href":"https:\/\/antiquariat-steinbach.com\/rarebooks\/wp-json\/wp\/v2\/media\/18009"}],"wp:attachment":[{"href":"https:\/\/antiquariat-steinbach.com\/rarebooks\/wp-json\/wp\/v2\/media?parent=5299"}],"wp:term":[{"taxonomy":"product_brand","embeddable":true,"href":"https:\/\/antiquariat-steinbach.com\/rarebooks\/wp-json\/wp\/v2\/product_brand?post=5299"},{"taxonomy":"product_cat","embeddable":true,"href":"https:\/\/antiquariat-steinbach.com\/rarebooks\/wp-json\/wp\/v2\/product_cat?post=5299"},{"taxonomy":"product_tag","embeddable":true,"href":"https:\/\/antiquariat-steinbach.com\/rarebooks\/wp-json\/wp\/v2\/product_tag?post=5299"}],"curies":[{"name":"wp","href":"https:\/\/api.w.org\/{rel}","templated":true}]}}